{"id":998,"date":"2022-06-21T13:49:43","date_gmt":"2022-06-21T13:49:43","guid":{"rendered":"http:\/\/localhost\/douanes-cameroun\/?page_id=998"},"modified":"2022-07-17T16:41:44","modified_gmt":"2022-07-17T16:41:44","slug":"la-douane","status":"publish","type":"page","link":"http:\/\/www.douanes.cm\/douanes-cameroun\/la-douane\/","title":{"rendered":"La Douane"},"content":{"rendered":"\t\t<div data-elementor-type=\"wp-page\" data-elementor-id=\"998\" class=\"elementor elementor-998\">\n\t\t\t\t\t\t\t\t\t<section class=\"elementor-section elementor-top-section elementor-element elementor-element-2fc7d2c elementor-section-boxed elementor-section-height-default elementor-section-height-default wpr-particle-no wpr-jarallax-no wpr-parallax-no wpr-sticky-section-no\" data-id=\"2fc7d2c\" data-element_type=\"section\">\n\t\t\t\t\t\t<div class=\"elementor-container elementor-column-gap-default\">\n\t\t\t\t\t<div class=\"elementor-column elementor-col-100 elementor-top-column elementor-element elementor-element-154f92d\" data-id=\"154f92d\" data-element_type=\"column\">\n\t\t\t<div class=\"elementor-widget-wrap elementor-element-populated\">\n\t\t\t\t\t\t\t\t<div class=\"elementor-element elementor-element-6525781 elementor-widget elementor-widget-transida_about_us_v2\" data-id=\"6525781\" data-element_type=\"widget\" data-widget_type=\"transida_about_us_v2.default\">\n\t\t\t\t<div class=\"elementor-widget-container\">\n\t\t\t        \n        <!-- About Section Two -->\n        <section class=\"about-section-two\">\n            <div class=\"auto-container\">\n                <div class=\"sec-title text-center\">\n                    <div class=\"sub-title\">Nous connaitre<\/div>\n                    <h2>Missions de la Douane <\/h2>\n                <\/div>\n                <div class=\"row\">\n                    <div class=\"col-lg-6\">\n                        <div class=\"image-box wow fadeInUp\" data-wow-duration=\"1500ms\">\n                            <div class=\"shape\"><img src=\"http:\/\/www.douanes.cm\/douanes-cameroun\/wp-content\/uploads\/2022\/06\/news-DGD-31.jpg\" alt=\"Awesome Image\"><\/div>                            <div class=\"image-one\" data-parallax='{\"y\": -70}'><img src=\"http:\/\/www.douanes.cm\/douanes-cameroun\/wp-content\/uploads\/2022\/06\/la-douane-camerounaise-douane.jpg\" alt=\"Awesome Image\"><\/div>                            <div class=\"image-two\" data-parallax='{\"y\": 70}'><img src=\"http:\/\/www.douanes.cm\/douanes-cameroun\/wp-content\/uploads\/2020\/11\/JID-2021.jpg\" alt=\"Awesome Image\"><\/div>                                                    <\/div>\n                    <\/div>\n                    <div class=\"col-lg-6\">\n                        <div class=\"content\">\n                            <div class=\"quote\"><span class=\"flaticon-right-quote\"><\/span><\/div>\n                            <h3>Les missions identifi\u00e9es<\/h3>\n                            <div class=\"text wow fadeInUp\" data-wow-duration=\"1500ms\">Pour atteindre la vision sus fix\u00e9e sont entre autres d\u2019assurer une collecte juste et \u00e9quitable des recettes pour le Tr\u00e9sor Public, de faciliter le commerce, de contribuer \u00e0 la s\u00e9curit\u00e9 nationale et \u00e0 la protection de la soci\u00e9t\u00e9 camerounaise.\n\nDe mani\u00e8re sp\u00e9cifique, ces missions se d\u00e9clinent en quatre grandes articulations :<br>\n\n<strong>La mission fiscale<\/strong> : Il s\u2019agit pour l\u2019Administration de proc\u00e9der \u00e0 la d\u00e9termination, la liquidation et le recouvrement juste et \u00e9quitable des droits et taxes de douane exigibles ainsi que tout autre pr\u00e9l\u00e8vement pr\u00e9vu par la r\u00e9glementation en vigueur, la mise en place des mesures en vue de la maitrise de la d\u00e9pense fiscale (contr\u00f4le de la destination privil\u00e9gi\u00e9e), l\u2019optimisation de la collecte des recettes nouvelles.<br> \n\nL\u2019Administration des Douanes du Cameroun contribue \u00e0 la mobilisation des recettes budg\u00e9taires \u00e0 hauteur de 27,4 % des recettes non p\u00e9troli\u00e8res de l\u2019Etat, soit environ 18 % du budget total.                            <\/div>\n                            <div class=\"author-info wow fadeInUp\" data-wow-duration=\"1500ms\">\n                                                                <div>\n                                    <div class=\"author-title\"> <\/div>\n                                    <div class=\"designation\"><\/div>\n                                <\/div>\n                            <\/div>\n                            <div class=\"row\">\n                                                                <div class=\"col-md-4\">\n                                    <div class=\"icon-box\">\n                                        <div class=\"icon\"><span class=\"fa fa-unlock-alt\"><\/span><\/div>\n                                        <h4>Mission de securit\u00e9<\/h4>\n                                    <\/div>\n                                <\/div>\n                                                                <div class=\"col-md-4\">\n                                    <div class=\"icon-box\">\n                                        <div class=\"icon\"><span class=\"fa fa-tree\"><\/span><\/div>\n                                        <h4>Mission \u00e9conomique<\/h4>\n                                    <\/div>\n                                <\/div>\n                                                                <div class=\"col-md-4\">\n                                    <div class=\"icon-box\">\n                                        <div class=\"icon\"><span class=\"fa fa-user-secret\"><\/span><\/div>\n                                        <h4>Mission de protection <\/h4>\n                                    <\/div>\n                                <\/div>\n                                                            <\/div>\n                        <\/div>\n                    <\/div>\n                <\/div>\n            <\/div>\n        <\/section>\n              \n\t\t\t\t<\/div>\n\t\t\t\t<\/div>\n\t\t\t\t\t<\/div>\n\t\t<\/div>\n\t\t\t\t\t\t\t<\/div>\n\t\t<\/section>\n\t\t\t\t\t\t\t<\/div>\n\t\t","protected":false},"excerpt":{"rendered":"<p>Nous connaitre Missions de la Douane Les missions identifi\u00e9es Pour atteindre la vision sus fix\u00e9e sont entre autres d\u2019assurer une collecte juste et \u00e9quitable des recettes pour le Tr\u00e9sor Public, de faciliter le commerce, de contribuer \u00e0 la s\u00e9curit\u00e9 nationale et \u00e0 la protection de la soci\u00e9t\u00e9 camerounaise. De mani\u00e8re sp\u00e9cifique, ces missions se d\u00e9clinent [&hellip;]<\/p>\n","protected":false},"author":1,"featured_media":0,"parent":0,"menu_order":0,"comment_status":"closed","ping_status":"closed","template":"tpl-default-elementor.php","meta":[],"_links":{"self":[{"href":"http:\/\/www.douanes.cm\/douanes-cameroun\/wp-json\/wp\/v2\/pages\/998"}],"collection":[{"href":"http:\/\/www.douanes.cm\/douanes-cameroun\/wp-json\/wp\/v2\/pages"}],"about":[{"href":"http:\/\/www.douanes.cm\/douanes-cameroun\/wp-json\/wp\/v2\/types\/page"}],"author":[{"embeddable":true,"href":"http:\/\/www.douanes.cm\/douanes-cameroun\/wp-json\/wp\/v2\/users\/1"}],"replies":[{"embeddable":true,"href":"http:\/\/www.douanes.cm\/douanes-cameroun\/wp-json\/wp\/v2\/comments?post=998"}],"version-history":[{"count":29,"href":"http:\/\/www.douanes.cm\/douanes-cameroun\/wp-json\/wp\/v2\/pages\/998\/revisions"}],"predecessor-version":[{"id":2259,"href":"http:\/\/www.douanes.cm\/douanes-cameroun\/wp-json\/wp\/v2\/pages\/998\/revisions\/2259"}],"wp:attachment":[{"href":"http:\/\/www.douanes.cm\/douanes-cameroun\/wp-json\/wp\/v2\/media?parent=998"}],"curies":[{"name":"wp","href":"https:\/\/api.w.org\/{rel}","templated":true}]}}