{"id":484,"date":"2020-11-05T11:37:34","date_gmt":"2020-11-05T11:37:34","guid":{"rendered":"http:\/\/el.commonsupport.com\/newwp\/transida\/?page_id=484"},"modified":"2022-07-11T14:07:40","modified_gmt":"2022-07-11T14:07:40","slug":"faqs","status":"publish","type":"page","link":"http:\/\/www.douanes.cm\/douanes-cameroun\/faqs\/","title":{"rendered":"Faqs"},"content":{"rendered":"\t\t<div data-elementor-type=\"wp-page\" data-elementor-id=\"484\" class=\"elementor elementor-484\">\n\t\t\t\t\t\t\t\t\t<section class=\"elementor-section elementor-top-section elementor-element elementor-element-d6195ca elementor-section-full_width elementor-section-height-default elementor-section-height-default wpr-particle-no wpr-jarallax-no wpr-parallax-no wpr-sticky-section-no\" data-id=\"d6195ca\" data-element_type=\"section\">\n\t\t\t\t\t\t<div class=\"elementor-container elementor-column-gap-default\">\n\t\t\t\t\t<div class=\"elementor-column elementor-col-100 elementor-top-column elementor-element elementor-element-db084b8\" data-id=\"db084b8\" data-element_type=\"column\">\n\t\t\t<div class=\"elementor-widget-wrap elementor-element-populated\">\n\t\t\t\t\t\t\t\t<div class=\"elementor-element elementor-element-ddb6f2d elementor-widget elementor-widget-transida_faqs_tab\" data-id=\"ddb6f2d\" data-element_type=\"widget\" data-widget_type=\"transida_faqs_tab.default\">\n\t\t\t\t<div class=\"elementor-widget-container\">\n\t\t\t\t\t\n\t\t<!-- Faq Section -->\n\t\t<section class=\"faq-section\">\n\t\t\t<div class=\"auto-container\">\n\t\t\t\t<div class=\"sec-title text-center\">\n\t\t\t\t\t<div class=\"sub-title\">Obtenez des r\u00e9ponses<\/div>\t\t\t\t\t<h2>Ce que vous devez savoir <\/h2>\n\t\t\t\t<\/div>\n\t\t\t\t<div class=\"tab-area\">\n\t\t\t\t\t<ul class=\"nav nav-tabs tab-btn-style-one\" role=\"tablist\">\n\t\t\t\t\t\t\t\t\t\t\t\t<li class=\"nav-item\">\n\t\t\t\t\t\t\t<a class=\"nav-link \" data-toggle=\"tab\" href=\"#tab-one0\" role=\"tab\" aria-selected=\"true\">\n\t\t\t\t\t\t\t\t<h4>Vous \u00eates un CDA <i class=\"flaticon-up-arrow\"><\/i><\/h4>\n\t\t\t\t\t\t\t<\/a>\n\t\t\t\t\t\t<\/li>\n\t\t\t\t\t\t\t\t\t\t\t\t<li class=\"nav-item\">\n\t\t\t\t\t\t\t<a class=\"nav-link active\" data-toggle=\"tab\" href=\"#tab-one1\" role=\"tab\" aria-selected=\"true\">\n\t\t\t\t\t\t\t\t<h4>Vous \u00eates importateur <i class=\"flaticon-up-arrow\"><\/i><\/h4>\n\t\t\t\t\t\t\t<\/a>\n\t\t\t\t\t\t<\/li>\n\t\t\t\t\t\t\t\t\t\t\t\t<li class=\"nav-item\">\n\t\t\t\t\t\t\t<a class=\"nav-link \" data-toggle=\"tab\" href=\"#tab-one2\" role=\"tab\" aria-selected=\"true\">\n\t\t\t\t\t\t\t\t<h4>Vous \u00eates un usager <i class=\"flaticon-up-arrow\"><\/i><\/h4>\n\t\t\t\t\t\t\t<\/a>\n\t\t\t\t\t\t<\/li>\n\t\t\t\t\t\t\t\t\t\t\t\t<li class=\"nav-item\">\n\t\t\t\t\t\t\t<a class=\"nav-link \" data-toggle=\"tab\" href=\"#tab-one3\" role=\"tab\" aria-selected=\"true\">\n\t\t\t\t\t\t\t\t<h4>A propos de la douane <i class=\"flaticon-up-arrow\"><\/i><\/h4>\n\t\t\t\t\t\t\t<\/a>\n\t\t\t\t\t\t<\/li>\n\t\t\t\t\t\t\t\t\t\t\t<\/ul>\n\t\t\t\t\t<!-- Tab panes -->\n\t\t\t\t\t<div class=\"tab-content wow fadeInUp\" data-wow-delay=\"200ms\" data-wow-duration=\"1200ms\">\n\t\t\t\t\t\t\t\t\t\t\t\t<div class=\"tab-pane fadeInUp animated \" id=\"tab-one0\" role=\"tabpanel\">\n\t\t\t\t\t\t\t<ul class=\"accordion-box style-two mb-30\">\n\t\t\t\t\t\t\t\t\t\t\t\t\t\t\t\t<!--Accordion Block-->\n\t\t\t\t\t\t\t\t<li class=\"accordion block\">\n\t\t\t\t\t\t\t\t\t<div class=\"acc-btn active\"><div class=\"icon-outer\"><span class=\"icon icon_plus far fa-plus\"><\/span> <span class=\"icon icon_minus far fa-plus \"><\/span><\/div><strong>01.<\/strong>  Comment acc\u00e9der \u00e0 la plateforme CAMCIS<\/div>\n\t\t\t\t\t\t\t\t\t<div class=\"acc-content current\">\n\t\t\t\t\t\t\t\t\t\t<div class=\"content\">\n\t\t\t\t\t\t\t\t\t\t\t<div class=\"text\">Equal blame belongs to those who fail in their duty through weaknes of will which is the same as saying through shrinking from toil and pain. These cases are perfectly simple and easy to distinguish.\t\t\t\t\t\t\t\t\t\t\t<\/div>\n\t\t\t\t\t\t\t\t\t\t<\/div>\n\t\t\t\t\t\t\t\t\t<\/div>\n\t\t\t\t\t\t\t\t<\/li>\n\t\t\t\t\t\t\t\t\t\t\t\t\t\t\t\t<!--Accordion Block-->\n\t\t\t\t\t\t\t\t<li class=\"accordion block\">\n\t\t\t\t\t\t\t\t\t<div class=\"acc-btn \"><div class=\"icon-outer\"><span class=\"icon icon_plus far fa-plus\"><\/span> <span class=\"icon icon_minus far fa-plus \"><\/span><\/div><strong>02.<\/strong>  Comment d\u00e9clarer un incident sur CAMCIS<\/div>\n\t\t\t\t\t\t\t\t\t<div class=\"acc-content \">\n\t\t\t\t\t\t\t\t\t\t<div class=\"content\">\n\t\t\t\t\t\t\t\t\t\t\t<div class=\"text\">Equal blame belongs to those who fail in their duty through weaknes of will which is the same as saying through shrinking from toil and pain. These cases are perfectly simple and easy to distinguish.\t\t\t\t\t\t\t\t\t\t\t<\/div>\n\t\t\t\t\t\t\t\t\t\t<\/div>\n\t\t\t\t\t\t\t\t\t<\/div>\n\t\t\t\t\t\t\t\t<\/li>\n\t\t\t\t\t\t\t\t\t\t\t\t\t\t\t<\/ul>\n\t\t\t\t\t\t<\/div>\n\t\t\t\t\t\t\t\t\t\t\t\t\t\t\t\t\t\t<div class=\"tab-pane fadeInUp animated active\" id=\"tab-one1\" role=\"tabpanel\">\n\t\t\t\t\t\t\t<ul class=\"accordion-box style-two mb-30\">\n\t\t\t\t\t\t\t\t\t\t\t\t\t\t\t\t<!--Accordion Block-->\n\t\t\t\t\t\t\t\t<li class=\"accordion block\">\n\t\t\t\t\t\t\t\t\t<div class=\"acc-btn active\"><div class=\"icon-outer\"><span class=\"icon icon_plus far fa-plus\"><\/span> <span class=\"icon icon_minus far fa-plus \"><\/span><\/div><strong>01.<\/strong>  Comment acc\u00e9der \u00e0 la plateforme CAMCIS<\/div>\n\t\t\t\t\t\t\t\t\t<div class=\"acc-content current\">\n\t\t\t\t\t\t\t\t\t\t<div class=\"content\">\n\t\t\t\t\t\t\t\t\t\t\t<div class=\"text\">Equal blame belongs to those who fail in their duty through weaknes of will which is the same as saying through shrinking from toil and pain. These cases are perfectly simple and easy to distinguish.\t\t\t\t\t\t\t\t\t\t\t<\/div>\n\t\t\t\t\t\t\t\t\t\t<\/div>\n\t\t\t\t\t\t\t\t\t<\/div>\n\t\t\t\t\t\t\t\t<\/li>\n\t\t\t\t\t\t\t\t\t\t\t\t\t\t\t\t<!--Accordion Block-->\n\t\t\t\t\t\t\t\t<li class=\"accordion block\">\n\t\t\t\t\t\t\t\t\t<div class=\"acc-btn \"><div class=\"icon-outer\"><span class=\"icon icon_plus far fa-plus\"><\/span> <span class=\"icon icon_minus far fa-plus \"><\/span><\/div><strong>02.<\/strong>  Comment d\u00e9clarer un incident sur CAMCIS<\/div>\n\t\t\t\t\t\t\t\t\t<div class=\"acc-content \">\n\t\t\t\t\t\t\t\t\t\t<div class=\"content\">\n\t\t\t\t\t\t\t\t\t\t\t<div class=\"text\">Equal blame belongs to those who fail in their duty through weaknes of will which is the same as saying through shrinking from toil and pain. These cases are perfectly simple and easy to distinguish.\t\t\t\t\t\t\t\t\t\t\t<\/div>\n\t\t\t\t\t\t\t\t\t\t<\/div>\n\t\t\t\t\t\t\t\t\t<\/div>\n\t\t\t\t\t\t\t\t<\/li>\n\t\t\t\t\t\t\t\t\t\t\t\t\t\t\t<\/ul>\n\t\t\t\t\t\t<\/div>\n\t\t\t\t\t\t\t\t\t\t\t\t\t\t\t\t\t\t<div class=\"tab-pane fadeInUp animated \" id=\"tab-one2\" role=\"tabpanel\">\n\t\t\t\t\t\t\t<ul class=\"accordion-box style-two mb-30\">\n\t\t\t\t\t\t\t\t\t\t\t\t\t\t\t\t<!--Accordion Block-->\n\t\t\t\t\t\t\t\t<li class=\"accordion block\">\n\t\t\t\t\t\t\t\t\t<div class=\"acc-btn active\"><div class=\"icon-outer\"><span class=\"icon icon_plus far fa-plus\"><\/span> <span class=\"icon icon_minus far fa-plus \"><\/span><\/div><strong>01.<\/strong>  Comment acc\u00e9der \u00e0 la plateforme CAMCIS<\/div>\n\t\t\t\t\t\t\t\t\t<div class=\"acc-content current\">\n\t\t\t\t\t\t\t\t\t\t<div class=\"content\">\n\t\t\t\t\t\t\t\t\t\t\t<div class=\"text\">Equal blame belongs to those who fail in their duty through weaknes of will which is the same as saying through shrinking from toil and pain. These cases are perfectly simple and easy to distinguish.\t\t\t\t\t\t\t\t\t\t\t<\/div>\n\t\t\t\t\t\t\t\t\t\t<\/div>\n\t\t\t\t\t\t\t\t\t<\/div>\n\t\t\t\t\t\t\t\t<\/li>\n\t\t\t\t\t\t\t\t\t\t\t\t\t\t\t\t<!--Accordion Block-->\n\t\t\t\t\t\t\t\t<li class=\"accordion block\">\n\t\t\t\t\t\t\t\t\t<div class=\"acc-btn \"><div class=\"icon-outer\"><span class=\"icon icon_plus far fa-plus\"><\/span> <span class=\"icon icon_minus far fa-plus \"><\/span><\/div><strong>02.<\/strong>  Comment d\u00e9clarer un incident sur CAMCIS<\/div>\n\t\t\t\t\t\t\t\t\t<div class=\"acc-content \">\n\t\t\t\t\t\t\t\t\t\t<div class=\"content\">\n\t\t\t\t\t\t\t\t\t\t\t<div class=\"text\">Equal blame belongs to those who fail in their duty through weaknes of will which is the same as saying through shrinking from toil and pain. These cases are perfectly simple and easy to distinguish.\t\t\t\t\t\t\t\t\t\t\t<\/div>\n\t\t\t\t\t\t\t\t\t\t<\/div>\n\t\t\t\t\t\t\t\t\t<\/div>\n\t\t\t\t\t\t\t\t<\/li>\n\t\t\t\t\t\t\t\t\t\t\t\t\t\t\t\t<!--Accordion Block-->\n\t\t\t\t\t\t\t\t<li class=\"accordion block\">\n\t\t\t\t\t\t\t\t\t<div class=\"acc-btn \"><div class=\"icon-outer\"><span class=\"icon icon_plus far fa-plus\"><\/span> <span class=\"icon icon_minus far fa-plus \"><\/span><\/div><strong>03.<\/strong>  Comment devenir commissionnaire en douane agr\u00e9\u00e9<\/div>\n\t\t\t\t\t\t\t\t\t<div class=\"acc-content \">\n\t\t\t\t\t\t\t\t\t\t<div class=\"content\">\n\t\t\t\t\t\t\t\t\t\t\t<div class=\"text\">Equal blame belongs to those who fail in their duty through weaknes of will which is the same as saying through shrinking from toil and pain. These cases are perfectly simple and easy to distinguish.\t\t\t\t\t\t\t\t\t\t\t<\/div>\n\t\t\t\t\t\t\t\t\t\t<\/div>\n\t\t\t\t\t\t\t\t\t<\/div>\n\t\t\t\t\t\t\t\t<\/li>\n\t\t\t\t\t\t\t\t\t\t\t\t\t\t\t\t<!--Accordion Block-->\n\t\t\t\t\t\t\t\t<li class=\"accordion block\">\n\t\t\t\t\t\t\t\t\t<div class=\"acc-btn \"><div class=\"icon-outer\"><span class=\"icon icon_plus far fa-plus\"><\/span> <span class=\"icon icon_minus far fa-plus \"><\/span><\/div><strong>04.<\/strong>  Quels sont les types de recours pr\u00e9vus devant l\u2019Administration des Douanes ?<\/div>\n\t\t\t\t\t\t\t\t\t<div class=\"acc-content \">\n\t\t\t\t\t\t\t\t\t\t<div class=\"content\">\n\t\t\t\t\t\t\t\t\t\t\t<div class=\"text\">Deux types de recours sont pr\u00e9vus devant l\u2019Administration des Douanes. \u2022 Les recours ordinaires qui sont adress\u00e9s au Directeur G\u00e9n\u00e9ral des Douanes \u2022 Les recours suite aux litiges relatifs \u00e0 l\u2019esp\u00e8ce, \u00e0 l\u2019origine, \u00e0 la ...\t\t\t\t\t\t\t\t\t\t\t<\/div>\n\t\t\t\t\t\t\t\t\t\t<\/div>\n\t\t\t\t\t\t\t\t\t<\/div>\n\t\t\t\t\t\t\t\t<\/li>\n\t\t\t\t\t\t\t\t\t\t\t\t\t\t\t<\/ul>\n\t\t\t\t\t\t<\/div>\n\t\t\t\t\t\t\t\t\t\t\t\t\t\t\t\t\t\t<div class=\"tab-pane fadeInUp animated \" id=\"tab-one3\" role=\"tabpanel\">\n\t\t\t\t\t\t\t<ul class=\"accordion-box style-two mb-30\">\n\t\t\t\t\t\t\t\t\t\t\t\t\t\t\t\t<!--Accordion Block-->\n\t\t\t\t\t\t\t\t<li class=\"accordion block\">\n\t\t\t\t\t\t\t\t\t<div class=\"acc-btn active\"><div class=\"icon-outer\"><span class=\"icon icon_plus far fa-plus\"><\/span> <span class=\"icon icon_minus far fa-plus \"><\/span><\/div><strong>01.<\/strong>  Comment acc\u00e9der \u00e0 la plateforme CAMCIS<\/div>\n\t\t\t\t\t\t\t\t\t<div class=\"acc-content current\">\n\t\t\t\t\t\t\t\t\t\t<div class=\"content\">\n\t\t\t\t\t\t\t\t\t\t\t<div class=\"text\">Equal blame belongs to those who fail in their duty through weaknes of will which is the same as saying through shrinking from toil and pain. These cases are perfectly simple and easy to distinguish.\t\t\t\t\t\t\t\t\t\t\t<\/div>\n\t\t\t\t\t\t\t\t\t\t<\/div>\n\t\t\t\t\t\t\t\t\t<\/div>\n\t\t\t\t\t\t\t\t<\/li>\n\t\t\t\t\t\t\t\t\t\t\t\t\t\t\t\t<!--Accordion Block-->\n\t\t\t\t\t\t\t\t<li class=\"accordion block\">\n\t\t\t\t\t\t\t\t\t<div class=\"acc-btn \"><div class=\"icon-outer\"><span class=\"icon icon_plus far fa-plus\"><\/span> <span class=\"icon icon_minus far fa-plus \"><\/span><\/div><strong>02.<\/strong>  Comment d\u00e9clarer un incident sur CAMCIS<\/div>\n\t\t\t\t\t\t\t\t\t<div class=\"acc-content \">\n\t\t\t\t\t\t\t\t\t\t<div class=\"content\">\n\t\t\t\t\t\t\t\t\t\t\t<div class=\"text\">Equal blame belongs to those who fail in their duty through weaknes of will which is the same as saying through shrinking from toil and pain. These cases are perfectly simple and easy to distinguish.\t\t\t\t\t\t\t\t\t\t\t<\/div>\n\t\t\t\t\t\t\t\t\t\t<\/div>\n\t\t\t\t\t\t\t\t\t<\/div>\n\t\t\t\t\t\t\t\t<\/li>\n\t\t\t\t\t\t\t\t\t\t\t\t\t\t\t\t<!--Accordion Block-->\n\t\t\t\t\t\t\t\t<li class=\"accordion block\">\n\t\t\t\t\t\t\t\t\t<div class=\"acc-btn \"><div class=\"icon-outer\"><span class=\"icon icon_plus far fa-plus\"><\/span> <span class=\"icon icon_minus far fa-plus \"><\/span><\/div><strong>03.<\/strong>  Comment devenir commissionnaire en douane agr\u00e9\u00e9<\/div>\n\t\t\t\t\t\t\t\t\t<div class=\"acc-content \">\n\t\t\t\t\t\t\t\t\t\t<div class=\"content\">\n\t\t\t\t\t\t\t\t\t\t\t<div class=\"text\">Equal blame belongs to those who fail in their duty through weaknes of will which is the same as saying through shrinking from toil and pain. These cases are perfectly simple and easy to distinguish.\t\t\t\t\t\t\t\t\t\t\t<\/div>\n\t\t\t\t\t\t\t\t\t\t<\/div>\n\t\t\t\t\t\t\t\t\t<\/div>\n\t\t\t\t\t\t\t\t<\/li>\n\t\t\t\t\t\t\t\t\t\t\t\t\t\t\t<\/ul>\n\t\t\t\t\t\t<\/div>\n\t\t\t\t\t\t\t\t\t\t\t\t\t\t\t\t\t<\/div>\n\t\t\t\t<\/div>\n\t\t\t<\/div>\n\t\t<\/section>\t\n         \n\t\t\t\t<\/div>\n\t\t\t\t<\/div>\n\t\t\t\t\t<\/div>\n\t\t<\/div>\n\t\t\t\t\t\t\t<\/div>\n\t\t<\/section>\n\t\t\t\t\t\t\t<\/div>\n\t\t","protected":false},"excerpt":{"rendered":"<p>Obtenez des r\u00e9ponses Ce que vous devez savoir Vous \u00eates un CDA Vous \u00eates importateur Vous \u00eates un usager A propos de la douane 01. What warranties do i have for my shipments? Equal blame belongs to those who fail in their duty through weaknes of will which is the same as saying through shrinking [&hellip;]<\/p>\n","protected":false},"author":1,"featured_media":0,"parent":0,"menu_order":0,"comment_status":"closed","ping_status":"closed","template":"tpl-default-elementor.php","meta":[],"_links":{"self":[{"href":"http:\/\/www.douanes.cm\/douanes-cameroun\/wp-json\/wp\/v2\/pages\/484"}],"collection":[{"href":"http:\/\/www.douanes.cm\/douanes-cameroun\/wp-json\/wp\/v2\/pages"}],"about":[{"href":"http:\/\/www.douanes.cm\/douanes-cameroun\/wp-json\/wp\/v2\/types\/page"}],"author":[{"embeddable":true,"href":"http:\/\/www.douanes.cm\/douanes-cameroun\/wp-json\/wp\/v2\/users\/1"}],"replies":[{"embeddable":true,"href":"http:\/\/www.douanes.cm\/douanes-cameroun\/wp-json\/wp\/v2\/comments?post=484"}],"version-history":[{"count":15,"href":"http:\/\/www.douanes.cm\/douanes-cameroun\/wp-json\/wp\/v2\/pages\/484\/revisions"}],"predecessor-version":[{"id":1929,"href":"http:\/\/www.douanes.cm\/douanes-cameroun\/wp-json\/wp\/v2\/pages\/484\/revisions\/1929"}],"wp:attachment":[{"href":"http:\/\/www.douanes.cm\/douanes-cameroun\/wp-json\/wp\/v2\/media?parent=484"}],"curies":[{"name":"wp","href":"https:\/\/api.w.org\/{rel}","templated":true}]}}