{"id":4126,"date":"2022-08-19T18:08:46","date_gmt":"2022-08-19T18:08:46","guid":{"rendered":"http:\/\/192.168.0.104\/douanes-cameroun\/?page_id=4126"},"modified":"2022-10-12T09:31:36","modified_gmt":"2022-10-12T09:31:36","slug":"procedure-de-dedouanement-a-lexportation","status":"publish","type":"page","link":"http:\/\/www.douanes.cm\/douanes-cameroun\/procedure-de-dedouanement-a-lexportation\/","title":{"rendered":"Proc\u00e9dure de D\u00e9douanement \u00e0 l&#8217;Exportation"},"content":{"rendered":"\n<p><\/p>\n\n\n<div class=\"_df_book df-lite\" id=\"df_4123\"  data-title=\"procedure-de-dedouanement-a-lexportation\" _slug=\"procedure-de-dedouanement-a-lexportation\" wpoptions=\"true\" thumbtype=\"bg\" ><p class=\"df-raw-loading\">Please wait while flipbook is loading. For more related info, FAQs and issues please refer to <a href=\"https:\/\/wordpress.org\/plugins\/3d-flipbook-dflip-lite\/#installation\">DearFlip WordPress Flipbook Plugin Help<\/a> documentation.<\/p><\/div><script class=\"df-shortcode-script\" type=\"application\/javascript\">window.option_df_4123 = {\"outline\":[],\"forceFit\":\"true\",\"autoEnableOutline\":\"false\",\"autoEnableThumbnail\":\"false\",\"overwritePDFOutline\":\"false\",\"direction\":\"1\",\"pageSize\":\"0\",\"source\":\"\\\/douanes-cameroun\\\/wp-content\\\/uploads\\\/2022\\\/08\\\/PROCEDURES-DE-DEDOUANEMENT-A-LEXPORT.pdf\",\"wpOptions\":\"true\"}; if(window.DFLIP && window.DFLIP.parseBooks){window.DFLIP.parseBooks();}<\/script>\n","protected":false},"excerpt":{"rendered":"","protected":false},"author":1,"featured_media":0,"parent":0,"menu_order":0,"comment_status":"closed","ping_status":"closed","template":"","meta":[],"_links":{"self":[{"href":"http:\/\/www.douanes.cm\/douanes-cameroun\/wp-json\/wp\/v2\/pages\/4126"}],"collection":[{"href":"http:\/\/www.douanes.cm\/douanes-cameroun\/wp-json\/wp\/v2\/pages"}],"about":[{"href":"http:\/\/www.douanes.cm\/douanes-cameroun\/wp-json\/wp\/v2\/types\/page"}],"author":[{"embeddable":true,"href":"http:\/\/www.douanes.cm\/douanes-cameroun\/wp-json\/wp\/v2\/users\/1"}],"replies":[{"embeddable":true,"href":"http:\/\/www.douanes.cm\/douanes-cameroun\/wp-json\/wp\/v2\/comments?post=4126"}],"version-history":[{"count":1,"href":"http:\/\/www.douanes.cm\/douanes-cameroun\/wp-json\/wp\/v2\/pages\/4126\/revisions"}],"predecessor-version":[{"id":4127,"href":"http:\/\/www.douanes.cm\/douanes-cameroun\/wp-json\/wp\/v2\/pages\/4126\/revisions\/4127"}],"wp:attachment":[{"href":"http:\/\/www.douanes.cm\/douanes-cameroun\/wp-json\/wp\/v2\/media?parent=4126"}],"curies":[{"name":"wp","href":"https:\/\/api.w.org\/{rel}","templated":true}]}}