{"id":4113,"date":"2022-08-19T17:52:22","date_gmt":"2022-08-19T17:52:22","guid":{"rendered":"http:\/\/192.168.0.104\/douanes-cameroun\/?page_id=4113"},"modified":"2022-10-12T09:30:18","modified_gmt":"2022-10-12T09:30:18","slug":"formalites-prealables-a-lexportation","status":"publish","type":"page","link":"http:\/\/www.douanes.cm\/douanes-cameroun\/formalites-prealables-a-lexportation\/","title":{"rendered":"Formalit\u00e9s pr\u00e9alables \u00e0 l&#8217;exportation"},"content":{"rendered":"<p><strong>FORMALIT\u00c9S PR\u00c9ALABLES A L\u2019EXPORTATION DES MARCHANDISES<\/strong><\/p>\n<ol>\n<li>1. Inscription au fichier des exportateurs, aupr\u00e8s du Minist\u00e8re en charge du commerce ;<\/li>\n<li>2. Obtention d\u2019une carte de contribuable aupr\u00e8s des services des Imp\u00f4ts et sa mise \u00e0 jour dans le syst\u00e8me d\u2019information douani\u00e8re ;<\/li>\n<li>3. Obtention d\u2019autorisations, de permis ou visas particuliers (esp\u00e8ces menac\u00e9es d\u2019extinction, produits miniers, objets d\u2019art, produits textiles, certificat CITES etc.) ;<\/li>\n<li>4. Obtention d\u2019un bon de commande assortie d\u2019une facture d\u00e9finitive domicili\u00e9e aupr\u00e8s d\u2019une banque de premier ordre ;<\/li>\n<li>5. \u00c9tablissement du certificat de circulation (cas b\u00e9n\u00e9fice \u00e9ventuel d\u2019un tarif pr\u00e9f\u00e9rentiel au pays de destination : certificat de circulation CEMAC CEEAC-EUR 1, Visa textile AGOA et Formule A pour l\u2019origine pr\u00e9f\u00e9rentielle) ou certificat d\u2019origine pour l\u2019origine non pr\u00e9f\u00e9rentielle ;<\/li>\n<li>6. Obtention certificat d\u2019empotage pour les exportations en conteneur ;<\/li>\n<li>7. Lev\u00e9e d\u2019une D\u00e9claration d\u2019Exportation aupr\u00e8s de la SGS (cacao, caf\u00e9, bois et plantes m\u00e9dicinales). Pour les autres marchandises d\u2019une valeur sup\u00e9rieure ou \u00e9gale \u00e0 500 000 FCFA, lev\u00e9e d\u2019une d\u00e9claration d\u2019exportation sur Formule 1 domicili\u00e9e aupr\u00e8s d\u2019une banque;<\/li>\n<li>8. Obtention de certificats sanitaire et phytosanitaire.<\/li>\n<\/ol>\n","protected":false},"excerpt":{"rendered":"<p>FORMALIT\u00c9S PR\u00c9ALABLES A L\u2019EXPORTATION DES MARCHANDISES 1. Inscription au fichier des exportateurs, aupr\u00e8s du Minist\u00e8re en charge du commerce ; 2. Obtention d\u2019une carte de contribuable aupr\u00e8s des services des Imp\u00f4ts et sa mise \u00e0 jour dans le syst\u00e8me d\u2019information douani\u00e8re ; 3. Obtention d\u2019autorisations, de permis ou visas particuliers (esp\u00e8ces menac\u00e9es d\u2019extinction, produits miniers, [&hellip;]<\/p>\n","protected":false},"author":1,"featured_media":0,"parent":0,"menu_order":0,"comment_status":"closed","ping_status":"closed","template":"","meta":[],"_links":{"self":[{"href":"http:\/\/www.douanes.cm\/douanes-cameroun\/wp-json\/wp\/v2\/pages\/4113"}],"collection":[{"href":"http:\/\/www.douanes.cm\/douanes-cameroun\/wp-json\/wp\/v2\/pages"}],"about":[{"href":"http:\/\/www.douanes.cm\/douanes-cameroun\/wp-json\/wp\/v2\/types\/page"}],"author":[{"embeddable":true,"href":"http:\/\/www.douanes.cm\/douanes-cameroun\/wp-json\/wp\/v2\/users\/1"}],"replies":[{"embeddable":true,"href":"http:\/\/www.douanes.cm\/douanes-cameroun\/wp-json\/wp\/v2\/comments?post=4113"}],"version-history":[{"count":3,"href":"http:\/\/www.douanes.cm\/douanes-cameroun\/wp-json\/wp\/v2\/pages\/4113\/revisions"}],"predecessor-version":[{"id":4122,"href":"http:\/\/www.douanes.cm\/douanes-cameroun\/wp-json\/wp\/v2\/pages\/4113\/revisions\/4122"}],"wp:attachment":[{"href":"http:\/\/www.douanes.cm\/douanes-cameroun\/wp-json\/wp\/v2\/media?parent=4113"}],"curies":[{"name":"wp","href":"https:\/\/api.w.org\/{rel}","templated":true}]}}