{"id":4089,"date":"2022-08-19T17:26:54","date_gmt":"2022-08-19T17:26:54","guid":{"rendered":"http:\/\/192.168.0.104\/douanes-cameroun\/?page_id=4089"},"modified":"2022-10-12T09:15:02","modified_gmt":"2022-10-12T09:15:02","slug":"procedure-de-dedouanement-a-limportation","status":"publish","type":"page","link":"http:\/\/www.douanes.cm\/douanes-cameroun\/procedure-de-dedouanement-a-limportation\/","title":{"rendered":"Proc\u00e9dure de D\u00e9douanement \u00e0 l&#8217;Importation"},"content":{"rendered":"<div class=\"_df_book df-lite\" id=\"df_4081\"  data-title=\"procedure-de-dedouanement-a-limportation\" _slug=\"4081\" wpoptions=\"true\" thumbtype=\"bg\" ><p class=\"df-raw-loading\">Please wait while flipbook is loading. For more related info, FAQs and issues please refer to <a href=\"https:\/\/wordpress.org\/plugins\/3d-flipbook-dflip-lite\/#installation\">DearFlip WordPress Flipbook Plugin Help<\/a> documentation.<\/p><\/div><script class=\"df-shortcode-script\" type=\"application\/javascript\">window.option_df_4081 = {\"webgl\":\"false\",\"outline\":[],\"forceFit\":\"true\",\"autoEnableOutline\":\"false\",\"autoEnableThumbnail\":\"false\",\"overwritePDFOutline\":\"false\",\"enableDownload\":\"false\",\"direction\":\"1\",\"pageSize\":\"0\",\"maxTextureSize\":\"1024\",\"source\":\"\\\/douanes-cameroun\\\/wp-content\\\/uploads\\\/2022\\\/08\\\/PROCEDURES-DE-DEDOUANEMENT-A-LIMPORT-1.pdf\",\"wpOptions\":\"true\"}; if(window.DFLIP && window.DFLIP.parseBooks){window.DFLIP.parseBooks();}<\/script>\n","protected":false},"excerpt":{"rendered":"","protected":false},"author":1,"featured_media":0,"parent":0,"menu_order":0,"comment_status":"closed","ping_status":"closed","template":"","meta":[],"_links":{"self":[{"href":"http:\/\/www.douanes.cm\/douanes-cameroun\/wp-json\/wp\/v2\/pages\/4089"}],"collection":[{"href":"http:\/\/www.douanes.cm\/douanes-cameroun\/wp-json\/wp\/v2\/pages"}],"about":[{"href":"http:\/\/www.douanes.cm\/douanes-cameroun\/wp-json\/wp\/v2\/types\/page"}],"author":[{"embeddable":true,"href":"http:\/\/www.douanes.cm\/douanes-cameroun\/wp-json\/wp\/v2\/users\/1"}],"replies":[{"embeddable":true,"href":"http:\/\/www.douanes.cm\/douanes-cameroun\/wp-json\/wp\/v2\/comments?post=4089"}],"version-history":[{"count":2,"href":"http:\/\/www.douanes.cm\/douanes-cameroun\/wp-json\/wp\/v2\/pages\/4089\/revisions"}],"predecessor-version":[{"id":4100,"href":"http:\/\/www.douanes.cm\/douanes-cameroun\/wp-json\/wp\/v2\/pages\/4089\/revisions\/4100"}],"wp:attachment":[{"href":"http:\/\/www.douanes.cm\/douanes-cameroun\/wp-json\/wp\/v2\/media?parent=4089"}],"curies":[{"name":"wp","href":"https:\/\/api.w.org\/{rel}","templated":true}]}}