{"id":3323,"date":"2022-08-19T15:40:12","date_gmt":"2022-08-19T15:40:12","guid":{"rendered":"http:\/\/192.168.0.104\/douanes-cameroun\/?page_id=3323"},"modified":"2022-10-08T12:19:07","modified_gmt":"2022-10-08T12:19:07","slug":"professionnels","status":"publish","type":"page","link":"http:\/\/www.douanes.cm\/douanes-cameroun\/professionnels\/","title":{"rendered":"Professionnels"},"content":{"rendered":"\t\t<div data-elementor-type=\"wp-page\" data-elementor-id=\"3323\" class=\"elementor elementor-3323\">\n\t\t\t\t\t\t\t\t\t<section class=\"elementor-section elementor-top-section elementor-element elementor-element-529d391c elementor-section-boxed elementor-section-height-default elementor-section-height-default wpr-particle-no wpr-jarallax-no wpr-parallax-no wpr-sticky-section-no\" data-id=\"529d391c\" data-element_type=\"section\">\n\t\t\t\t\t\t<div class=\"elementor-container elementor-column-gap-default\">\n\t\t\t\t\t<div class=\"elementor-column elementor-col-100 elementor-top-column elementor-element elementor-element-5bfed759\" data-id=\"5bfed759\" data-element_type=\"column\">\n\t\t\t<div class=\"elementor-widget-wrap elementor-element-populated\">\n\t\t\t\t\t\t\t\t<div class=\"elementor-element elementor-element-55400494 elementor-widget elementor-widget-text-editor\" data-id=\"55400494\" data-element_type=\"widget\" data-widget_type=\"text-editor.default\">\n\t\t\t\t<div class=\"elementor-widget-container\">\n\t\t\t<style>\/*! elementor - v3.6.6 - 08-06-2022 *\/\n.elementor-widget-text-editor.elementor-drop-cap-view-stacked .elementor-drop-cap{background-color:#818a91;color:#fff}.elementor-widget-text-editor.elementor-drop-cap-view-framed .elementor-drop-cap{color:#818a91;border:3px solid;background-color:transparent}.elementor-widget-text-editor:not(.elementor-drop-cap-view-default) .elementor-drop-cap{margin-top:8px}.elementor-widget-text-editor:not(.elementor-drop-cap-view-default) .elementor-drop-cap-letter{width:1em;height:1em}.elementor-widget-text-editor .elementor-drop-cap{float:left;text-align:center;line-height:1;font-size:50px}.elementor-widget-text-editor .elementor-drop-cap-letter{display:inline-block}<\/style>\t\t\t\t<p>L\u2019action de la douane, au titre de ses diverses missions, s\u2019exerce dans le cadre d\u2019un partenariat avec diff\u00e9rentes administrations et organismes int\u00e9ress\u00e9s, chacun dans son domaine, par le commerce international des marchandises.<\/p><p>A cet \u00e9gard, la cha\u00eene de d\u00e9douanement des marchandises fait intervenir une multitude d\u2019organisations dont l\u2019action est jug\u00e9e significative au regard des formalit\u00e9s requises.<\/p><ol><li><strong>Les soci\u00e9t\u00e9s para maritimes<\/strong><\/li><\/ol><p>Les professions para maritimes ou auxiliaires de transports maritimes sont des entreprises qui concourent \u00e0 la r\u00e9alisation des op\u00e9rations annexes au transport maritime<\/p><ol><li><strong><em>Le commissionnaire-organisateur de \u00a0transport<\/em><\/strong><\/li><\/ol><p>L\u2019organisateur de transport, appel\u00e9 \u00ab\u00a0Commissionnaire de transport\u00a0\u00bb, est un interm\u00e9diaire, charg\u00e9 en son nom propre, mais pour le compte d\u2019un exp\u00e9diteur, de faire parvenir les marchandises \u00e0 un point de destination, en gardant la libert\u00e9 des voies et moyens.<\/p><p>Le Commissionnaire de transport intervient ainsi en amont et en aval des op\u00e9rations de transport. A ce titre, il assure la gestion des stocks, la pr\u00e9paration de la commande, l\u2019emballage et la livraison chez le client final.<\/p><p><strong><em>Plusieurs m\u00e9tiers rel\u00e8vent du statut\u00a0de commissionnaire de transport:<\/em><\/strong><\/p><ul><li><strong><em>Le groupeur<\/em><\/strong>: il r\u00e9unit les marchandises provenant de diff\u00e9rents exp\u00e9diteurs pour remplir compl\u00e8tement les divers moyens de transport, camions, conteneurs, etc.<\/li><\/ul><ul><li><strong><em>L\u2019affr\u00e9teur<\/em><\/strong>: il op\u00e8re un rapprochement entre clients et voituriers moyennant une commission d\u2019affr\u00e8tement\u00a0;<\/li><\/ul><ul><li><strong><em>L\u2019organisateur de transports multinationaux<\/em><\/strong>: il d\u00e9gage le client de tous les probl\u00e8mes de transport, d\u2019assurance, de d\u00e9douanement, de choix de modes. Il doit pour cela disposer d\u2019un r\u00e9seau de correspondants \u00e0 l\u2019\u00e9tranger.<\/li><\/ul><ol start=\"2\"><li><strong><em>Le mandataire<\/em><\/strong><\/li><\/ol><p><strong>\u00a0<\/strong>Le mandat est l\u2019acte par lequel une personne (mandataire) est charg\u00e9e de repr\u00e9senter une autre (le mandant).<\/p><p>Le mandataire en Douane accomplit donc les formalit\u00e9s douani\u00e8res au nom de son mandant. Il r\u00e9pond d\u2019une obligation de moyens.<\/p><p>Plusieurs professions rel\u00e8vent du statut de mandataire\u00a0:<\/p><ul><li><strong><em>Le commissionnaire en douane<\/em><\/strong>: le commissionnaire en douane accomplit directement, au nom et pour le compte du client, ou indirectement, en son nom, mais pour le compte de son client, des formalit\u00e9s \u00a0douani\u00e8res\u00a0; il intervient s\u2019il y a lieu pour aplanir les difficult\u00e9s qui pourraient se pr\u00e9senter. La vocation premi\u00e8re de cet op\u00e9rateur est donc de d\u00e9charger ses clients de tout souci au sujet d\u2019une r\u00e9glementation, qu\u2019en raison de sa sp\u00e9cialisation, il est cens\u00e9 conna\u00eetre.<\/li><\/ul><ul><li><strong><em>Le transitaire<\/em><\/strong>: c\u2019est un interm\u00e9diaire sp\u00e9cialis\u00e9 assurant la liaison entre deux modes de transport en conformit\u00e9 avec des instructions re\u00e7ues de son client.<\/li><\/ul><ul><li><strong><em>Le consignataire de navires<\/em><\/strong>: c\u2019est un mandataire du transporteur, charg\u00e9 de recevoir et d\u00e9livrer des marchandises pour le compte de la compagnie maritime.<\/li><\/ul><ul><li><strong><em>L\u2019acconier<\/em><\/strong>: c\u2019est un entrepreneur de manutention charg\u00e9 dans l\u2019enceinte portuaire des activit\u00e9s suivantes\u00a0: la mise sous hangar et sur terre plein et la reprise des marchandises, les op\u00e9rations physiques d\u2019embarquement ou de d\u00e9barquement des navires, les op\u00e9rations juridiques de r\u00e9ception, de livraison, de reconnaissance et de garde des marchandises sur quai.<\/li><\/ul><ul><li><strong><em>L\u2019agent maritime<\/em><\/strong>: personne morale charg\u00e9e pour le compte d\u2019un armateur de recruter le fret, de n\u00e9gocier les contrats de transports avec les chargeurs et de s\u2019assurer de l\u2019ex\u00e9cution de ces contrats.<\/li><\/ul><p>L\u2019exercice des professions de commissionnaires ou d\u2019auxiliaire de transport est subordonn\u00e9 \u00e0 l\u2019obtention d\u2019un agr\u00e9ment d\u00e9livr\u00e9 dans les conditions fix\u00e9es par les textes particuliers.<\/p>\t\t\t\t\t\t<\/div>\n\t\t\t\t<\/div>\n\t\t\t\t\t<\/div>\n\t\t<\/div>\n\t\t\t\t\t\t\t<\/div>\n\t\t<\/section>\n\t\t\t\t<section class=\"elementor-section elementor-top-section elementor-element elementor-element-d978ccb elementor-section-boxed elementor-section-height-default elementor-section-height-default wpr-particle-no wpr-jarallax-no wpr-parallax-no wpr-sticky-section-no\" data-id=\"d978ccb\" data-element_type=\"section\">\n\t\t\t\t\t\t<div class=\"elementor-container elementor-column-gap-default\">\n\t\t\t\t\t<div class=\"elementor-column elementor-col-100 elementor-top-column elementor-element elementor-element-69fc1b1\" data-id=\"69fc1b1\" data-element_type=\"column\">\n\t\t\t<div class=\"elementor-widget-wrap elementor-element-populated\">\n\t\t\t\t\t\t\t\t<div class=\"elementor-element elementor-element-103ce66 elementor-widget elementor-widget-heading\" data-id=\"103ce66\" data-element_type=\"widget\" data-widget_type=\"heading.default\">\n\t\t\t\t<div class=\"elementor-widget-container\">\n\t\t\t<style>\/*! elementor - v3.6.6 - 08-06-2022 *\/\n.elementor-heading-title{padding:0;margin:0;line-height:1}.elementor-widget-heading .elementor-heading-title[class*=elementor-size-]>a{color:inherit;font-size:inherit;line-height:inherit}.elementor-widget-heading .elementor-heading-title.elementor-size-small{font-size:15px}.elementor-widget-heading .elementor-heading-title.elementor-size-medium{font-size:19px}.elementor-widget-heading .elementor-heading-title.elementor-size-large{font-size:29px}.elementor-widget-heading .elementor-heading-title.elementor-size-xl{font-size:39px}.elementor-widget-heading .elementor-heading-title.elementor-size-xxl{font-size:59px}<\/style><h2 class=\"elementor-heading-title elementor-size-default\">Le Guichet Unique des Operations du Commerce Ext\u00e9rieur (GUCE)<\/h2>\t\t<\/div>\n\t\t\t\t<\/div>\n\t\t\t\t<div class=\"elementor-element elementor-element-78367c6 elementor-widget elementor-widget-text-editor\" data-id=\"78367c6\" data-element_type=\"widget\" data-widget_type=\"text-editor.default\">\n\t\t\t\t<div class=\"elementor-widget-container\">\n\t\t\t\t\t\t\t<ol><li><strong><em>D\u00e9finition et objectifs<\/em><\/strong><\/li><\/ol><p>Cr\u00e9\u00e9 le 07 juillet 1999, avec l\u2019appui des partenaires au d\u00e9veloppement, le Guichet Unique des Op\u00e9rations du Commerce Ext\u00e9rieur (GUCE) est un Groupement d\u2019int\u00e9r\u00eat Economique (GIE) associant l\u2019administration et le secteur priv\u00e9, dirig\u00e9 par trois instances\u00a0: l\u2019Assembl\u00e9e G\u00e9n\u00e9rale, le Conseil d\u2019Administration et la Direction G\u00e9n\u00e9rale.<\/p><p>Op\u00e9rationnel depuis le 25 ao\u00fbt 2000, en vue de la r\u00e9duction des co\u00fbts et des d\u00e9lais de d\u00e9douanement des marchandises,<\/p>\t\t\t\t\t\t<\/div>\n\t\t\t\t<\/div>\n\t\t\t\t<section class=\"elementor-section elementor-inner-section elementor-element elementor-element-361aa87 elementor-section-boxed elementor-section-height-default elementor-section-height-default wpr-particle-no wpr-jarallax-no wpr-parallax-no wpr-sticky-section-no\" data-id=\"361aa87\" data-element_type=\"section\">\n\t\t\t\t\t\t<div class=\"elementor-container elementor-column-gap-default\">\n\t\t\t\t\t<section class=\"elementor-column elementor-col-50 elementor-inner-column elementor-element elementor-element-0ba1008\" data-id=\"0ba1008\" data-element_type=\"column\">\n\t\t\t<div class=\"elementor-widget-wrap elementor-element-populated\">\n\t\t\t\t\t\t\t\t<div class=\"elementor-element elementor-element-07e84f0 elementor-widget elementor-widget-text-editor\" data-id=\"07e84f0\" data-element_type=\"widget\" data-widget_type=\"text-editor.default\">\n\t\t\t\t<div class=\"elementor-widget-container\">\n\t\t\t\t\t\t\t<p>il a pour objet\u00a0:<\/p>\t\t\t\t\t\t<\/div>\n\t\t\t\t<\/div>\n\t\t\t\t<div class=\"elementor-element elementor-element-0f03e6c elementor-icon-list--layout-traditional elementor-list-item-link-full_width elementor-widget elementor-widget-icon-list\" data-id=\"0f03e6c\" data-element_type=\"widget\" data-widget_type=\"icon-list.default\">\n\t\t\t\t<div class=\"elementor-widget-container\">\n\t\t\t<link rel=\"stylesheet\" href=\"http:\/\/192.168.0.102\/douanes-cameroun\/wp-content\/plugins\/elementor\/assets\/css\/widget-icon-list.min.css\">\t\t<ul class=\"elementor-icon-list-items\">\n\t\t\t\t\t\t\t<li class=\"elementor-icon-list-item\">\n\t\t\t\t\t\t\t\t\t\t\t<span class=\"elementor-icon-list-icon\">\n\t\t\t\t\t\t\t<i aria-hidden=\"true\" class=\"fas fa-dot-circle\"><\/i>\t\t\t\t\t\t<\/span>\n\t\t\t\t\t\t\t\t\t\t<span class=\"elementor-icon-list-text\">le regroupement physique et\/ou virtuel des formalit\u00e9s relatives aux op\u00e9rations d\u2019import\/export afin d\u2019en faciliter le fonctionnement. Chaque intervenant poss\u00e8de une cellule o\u00f9 les formalit\u00e9s sont effectu\u00e9es dans des d\u00e9lais rigoureusement prescrits\u00a0;<\/span>\n\t\t\t\t\t\t\t\t\t<\/li>\n\t\t\t\t\t\t\t\t<li class=\"elementor-icon-list-item\">\n\t\t\t\t\t\t\t\t\t\t\t<span class=\"elementor-icon-list-icon\">\n\t\t\t\t\t\t\t<i aria-hidden=\"true\" class=\"fas fa-dot-circle\"><\/i>\t\t\t\t\t\t<\/span>\n\t\t\t\t\t\t\t\t\t\t<span class=\"elementor-icon-list-text\">l\u2019\u00e9dition et la diffusion des documents de d\u00e9claration des op\u00e9rations du commerce ext\u00e9rieur du Cameroun en liaison avec les Administrations et les op\u00e9rations concern\u00e9es\u00a0;<\/span>\n\t\t\t\t\t\t\t\t\t<\/li>\n\t\t\t\t\t\t\t\t<li class=\"elementor-icon-list-item\">\n\t\t\t\t\t\t\t\t\t\t\t<span class=\"elementor-icon-list-icon\">\n\t\t\t\t\t\t\t<i aria-hidden=\"true\" class=\"fas fa-dot-circle\"><\/i>\t\t\t\t\t\t<\/span>\n\t\t\t\t\t\t\t\t\t\t<span class=\"elementor-icon-list-text\">la gestion d\u2019un syst\u00e8me informatique int\u00e9gr\u00e9 destin\u00e9 \u00e0 la simplification des proc\u00e9dures\u00a0;<\/span>\n\t\t\t\t\t\t\t\t\t<\/li>\n\t\t\t\t\t\t\t\t<li class=\"elementor-icon-list-item\">\n\t\t\t\t\t\t\t\t\t\t\t<span class=\"elementor-icon-list-icon\">\n\t\t\t\t\t\t\t<i aria-hidden=\"true\" class=\"fas fa-dot-circle\"><\/i>\t\t\t\t\t\t<\/span>\n\t\t\t\t\t\t\t\t\t\t<span class=\"elementor-icon-list-text\">toutes les op\u00e9rations compl\u00e9mentaires ou connexes \u00e0 l\u2019objet social et susceptibles d\u2019en am\u00e9liorer l\u2019effectivit\u00e9 et l\u2019efficacit\u00e9\u00a0;<\/span>\n\t\t\t\t\t\t\t\t\t<\/li>\n\t\t\t\t\t\t\t\t<li class=\"elementor-icon-list-item\">\n\t\t\t\t\t\t\t\t\t\t\t<span class=\"elementor-icon-list-icon\">\n\t\t\t\t\t\t\t<i aria-hidden=\"true\" class=\"fas fa-dot-circle\"><\/i>\t\t\t\t\t\t<\/span>\n\t\t\t\t\t\t\t\t\t\t<span class=\"elementor-icon-list-text\">le recueil des \u00a0dol\u00e9ances exprim\u00e9es par les usagers en vue d\u2019am\u00e9liorer le traitement des dossiers.<\/span>\n\t\t\t\t\t\t\t\t\t<\/li>\n\t\t\t\t\t\t<\/ul>\n\t\t\t\t<\/div>\n\t\t\t\t<\/div>\n\t\t\t\t\t<\/div>\n\t\t<\/section>\n\t\t\t\t<div class=\"elementor-column elementor-col-50 elementor-inner-column elementor-element elementor-element-931d016\" data-id=\"931d016\" data-element_type=\"column\">\n\t\t\t<div class=\"elementor-widget-wrap elementor-element-populated\">\n\t\t\t\t\t\t\t\t<div class=\"elementor-element elementor-element-f84880c elementor-widget elementor-widget-text-editor\" data-id=\"f84880c\" data-element_type=\"widget\" data-widget_type=\"text-editor.default\">\n\t\t\t\t<div class=\"elementor-widget-container\">\n\t\t\t\t\t\t\t<p><strong>Entit\u00e9s repr\u00e9sent\u00e9es au Guichet Unique<\/strong><\/p><p>Les organismes suivants, acteurs principaux du passage portuaire des marchandises, sont physiquement ou virtuellement regroup\u00e9s sur le site du GUCE\u00a0:<\/p>\t\t\t\t\t\t<\/div>\n\t\t\t\t<\/div>\n\t\t\t\t<div class=\"elementor-element elementor-element-f838835 elementor-icon-list--layout-traditional elementor-list-item-link-full_width elementor-widget elementor-widget-icon-list\" data-id=\"f838835\" data-element_type=\"widget\" data-widget_type=\"icon-list.default\">\n\t\t\t\t<div class=\"elementor-widget-container\">\n\t\t\t\t\t<ul class=\"elementor-icon-list-items\">\n\t\t\t\t\t\t\t<li class=\"elementor-icon-list-item\">\n\t\t\t\t\t\t\t\t\t\t\t<span class=\"elementor-icon-list-icon\">\n\t\t\t\t\t\t\t<i aria-hidden=\"true\" class=\"fas fa-dot-circle\"><\/i>\t\t\t\t\t\t<\/span>\n\t\t\t\t\t\t\t\t\t\t<span class=\"elementor-icon-list-text\">le Port Autonome de Douala (PAD)\u00a0;<\/span>\n\t\t\t\t\t\t\t\t\t<\/li>\n\t\t\t\t\t\t\t\t<li class=\"elementor-icon-list-item\">\n\t\t\t\t\t\t\t\t\t\t\t<span class=\"elementor-icon-list-icon\">\n\t\t\t\t\t\t\t<i aria-hidden=\"true\" class=\"fas fa-dot-circle\"><\/i>\t\t\t\t\t\t<\/span>\n\t\t\t\t\t\t\t\t\t\t<span class=\"elementor-icon-list-text\">la Douane\u00a0;<\/span>\n\t\t\t\t\t\t\t\t\t<\/li>\n\t\t\t\t\t\t\t\t<li class=\"elementor-icon-list-item\">\n\t\t\t\t\t\t\t\t\t\t\t<span class=\"elementor-icon-list-icon\">\n\t\t\t\t\t\t\t<i aria-hidden=\"true\" class=\"fas fa-dot-circle\"><\/i>\t\t\t\t\t\t<\/span>\n\t\t\t\t\t\t\t\t\t\t<span class=\"elementor-icon-list-text\">les Banques\u00a0;<\/span>\n\t\t\t\t\t\t\t\t\t<\/li>\n\t\t\t\t\t\t\t\t<li class=\"elementor-icon-list-item\">\n\t\t\t\t\t\t\t\t\t\t\t<span class=\"elementor-icon-list-icon\">\n\t\t\t\t\t\t\t<i aria-hidden=\"true\" class=\"fas fa-dot-circle\"><\/i>\t\t\t\t\t\t<\/span>\n\t\t\t\t\t\t\t\t\t\t<span class=\"elementor-icon-list-text\">la Soci\u00e9t\u00e9 G\u00e9n\u00e9rale de Surveillance (SGS)\u00a0;<\/span>\n\t\t\t\t\t\t\t\t\t<\/li>\n\t\t\t\t\t\t\t\t<li class=\"elementor-icon-list-item\">\n\t\t\t\t\t\t\t\t\t\t\t<span class=\"elementor-icon-list-icon\">\n\t\t\t\t\t\t\t<i aria-hidden=\"true\" class=\"fas fa-dot-circle\"><\/i>\t\t\t\t\t\t<\/span>\n\t\t\t\t\t\t\t\t\t\t<span class=\"elementor-icon-list-text\">les recettes des douanes\u00a0;<\/span>\n\t\t\t\t\t\t\t\t\t<\/li>\n\t\t\t\t\t\t\t\t<li class=\"elementor-icon-list-item\">\n\t\t\t\t\t\t\t\t\t\t\t<span class=\"elementor-icon-list-icon\">\n\t\t\t\t\t\t\t<i aria-hidden=\"true\" class=\"fas fa-dot-circle\"><\/i>\t\t\t\t\t\t<\/span>\n\t\t\t\t\t\t\t\t\t\t<span class=\"elementor-icon-list-text\">l\u2019ONCC\u00a0;<\/span>\n\t\t\t\t\t\t\t\t\t<\/li>\n\t\t\t\t\t\t\t\t<li class=\"elementor-icon-list-item\">\n\t\t\t\t\t\t\t\t\t\t\t<span class=\"elementor-icon-list-icon\">\n\t\t\t\t\t\t\t<i aria-hidden=\"true\" class=\"fas fa-dot-circle\"><\/i>\t\t\t\t\t\t<\/span>\n\t\t\t\t\t\t\t\t\t\t<span class=\"elementor-icon-list-text\">le service phytosanitaire\u00a0;<\/span>\n\t\t\t\t\t\t\t\t\t<\/li>\n\t\t\t\t\t\t\t\t<li class=\"elementor-icon-list-item\">\n\t\t\t\t\t\t\t\t\t\t\t<span class=\"elementor-icon-list-icon\">\n\t\t\t\t\t\t\t<i aria-hidden=\"true\" class=\"fas fa-dot-circle\"><\/i>\t\t\t\t\t\t<\/span>\n\t\t\t\t\t\t\t\t\t\t<span class=\"elementor-icon-list-text\"> le service des changes.<\/span>\n\t\t\t\t\t\t\t\t\t<\/li>\n\t\t\t\t\t\t<\/ul>\n\t\t\t\t<\/div>\n\t\t\t\t<\/div>\n\t\t\t\t\t<\/div>\n\t\t<\/div>\n\t\t\t\t\t\t\t<\/div>\n\t\t<\/section>\n\t\t\t\t\t<\/div>\n\t\t<\/div>\n\t\t\t\t\t\t\t<\/div>\n\t\t<\/section>\n\t\t\t\t<section class=\"elementor-section elementor-top-section elementor-element elementor-element-98250b8 elementor-section-boxed elementor-section-height-default elementor-section-height-default wpr-particle-no wpr-jarallax-no wpr-parallax-no wpr-sticky-section-no\" data-id=\"98250b8\" data-element_type=\"section\">\n\t\t\t\t\t\t<div class=\"elementor-container elementor-column-gap-default\">\n\t\t\t\t\t<div class=\"elementor-column elementor-col-100 elementor-top-column elementor-element elementor-element-02704ec\" data-id=\"02704ec\" data-element_type=\"column\">\n\t\t\t<div class=\"elementor-widget-wrap elementor-element-populated\">\n\t\t\t\t\t\t\t\t<section class=\"elementor-section elementor-inner-section elementor-element elementor-element-1290eb5 elementor-section-boxed elementor-section-height-default elementor-section-height-default wpr-particle-no wpr-jarallax-no wpr-parallax-no wpr-sticky-section-no\" data-id=\"1290eb5\" data-element_type=\"section\">\n\t\t\t\t\t\t<div class=\"elementor-container elementor-column-gap-default\">\n\t\t\t\t\t<div class=\"elementor-column elementor-col-100 elementor-inner-column elementor-element elementor-element-0377569\" data-id=\"0377569\" data-element_type=\"column\">\n\t\t\t<div class=\"elementor-widget-wrap elementor-element-populated\">\n\t\t\t\t\t\t\t\t<div class=\"elementor-element elementor-element-c83709c elementor-widget elementor-widget-text-editor\" data-id=\"c83709c\" data-element_type=\"widget\" data-widget_type=\"text-editor.default\">\n\t\t\t\t<div class=\"elementor-widget-container\">\n\t\t\t\t\t\t\t<ol start=\"3\"><li><strong><em>Les proc\u00e9dures trait\u00e9es au Guichet Unique sont les suivantes <\/em><\/strong><\/li><\/ol>\t\t\t\t\t\t<\/div>\n\t\t\t\t<\/div>\n\t\t\t\t<div class=\"elementor-element elementor-element-8749110 elementor-icon-list--layout-traditional elementor-list-item-link-full_width elementor-widget elementor-widget-icon-list\" data-id=\"8749110\" data-element_type=\"widget\" data-widget_type=\"icon-list.default\">\n\t\t\t\t<div class=\"elementor-widget-container\">\n\t\t\t\t\t<ul class=\"elementor-icon-list-items\">\n\t\t\t\t\t\t\t<li class=\"elementor-icon-list-item\">\n\t\t\t\t\t\t\t\t\t\t\t<span class=\"elementor-icon-list-icon\">\n\t\t\t\t\t\t\t<i aria-hidden=\"true\" class=\"fas fa-dot-circle\"><\/i>\t\t\t\t\t\t<\/span>\n\t\t\t\t\t\t\t\t\t\t<span class=\"elementor-icon-list-text\">les importations de marchandises soumises ou non au PSRD\u00a0;<\/span>\n\t\t\t\t\t\t\t\t\t<\/li>\n\t\t\t\t\t\t\t\t<li class=\"elementor-icon-list-item\">\n\t\t\t\t\t\t\t\t\t\t\t<span class=\"elementor-icon-list-icon\">\n\t\t\t\t\t\t\t<i aria-hidden=\"true\" class=\"fas fa-dot-circle\"><\/i>\t\t\t\t\t\t<\/span>\n\t\t\t\t\t\t\t\t\t\t<span class=\"elementor-icon-list-text\">les exportations par voie maritime ou terrestre des produits de base, des biens manufactur\u00e9s et d\u2019autres marchandises\u00a0;<\/span>\n\t\t\t\t\t\t\t\t\t<\/li>\n\t\t\t\t\t\t\t\t<li class=\"elementor-icon-list-item\">\n\t\t\t\t\t\t\t\t\t\t\t<span class=\"elementor-icon-list-icon\">\n\t\t\t\t\t\t\t<i aria-hidden=\"true\" class=\"fas fa-dot-circle\"><\/i>\t\t\t\t\t\t<\/span>\n\t\t\t\t\t\t\t\t\t\t<span class=\"elementor-icon-list-text\">les exportations des bois en grumes\u00a0et des produits p\u00e9troliers;<\/span>\n\t\t\t\t\t\t\t\t\t<\/li>\n\t\t\t\t\t\t\t\t<li class=\"elementor-icon-list-item\">\n\t\t\t\t\t\t\t\t\t\t\t<span class=\"elementor-icon-list-icon\">\n\t\t\t\t\t\t\t<i aria-hidden=\"true\" class=\"fas fa-dot-circle\"><\/i>\t\t\t\t\t\t<\/span>\n\t\t\t\t\t\t\t\t\t\t<span class=\"elementor-icon-list-text\">les marchandises en transit ainsi que celles plac\u00e9es sous tout autre r\u00e9gime suspensif\u00a0;<\/span>\n\t\t\t\t\t\t\t\t\t<\/li>\n\t\t\t\t\t\t\t\t<li class=\"elementor-icon-list-item\">\n\t\t\t\t\t\t\t\t\t\t\t<span class=\"elementor-icon-list-icon\">\n\t\t\t\t\t\t\t<i aria-hidden=\"true\" class=\"fas fa-dot-circle\"><\/i>\t\t\t\t\t\t<\/span>\n\t\t\t\t\t\t\t\t\t\t<span class=\"elementor-icon-list-text\">la r\u00e9exportation<\/span>\n\t\t\t\t\t\t\t\t\t<\/li>\n\t\t\t\t\t\t<\/ul>\n\t\t\t\t<\/div>\n\t\t\t\t<\/div>\n\t\t\t\t\t<\/div>\n\t\t<\/div>\n\t\t\t\t\t\t\t<\/div>\n\t\t<\/section>\n\t\t\t\t\t<\/div>\n\t\t<\/div>\n\t\t\t\t\t\t\t<\/div>\n\t\t<\/section>\n\t\t\t\t\t\t\t<\/div>\n\t\t","protected":false},"excerpt":{"rendered":"<p>L\u2019action de la douane, au titre de ses diverses missions, s\u2019exerce dans le cadre d\u2019un partenariat avec diff\u00e9rentes administrations et organismes int\u00e9ress\u00e9s, chacun dans son domaine, par le commerce international des marchandises. A cet \u00e9gard, la cha\u00eene de d\u00e9douanement des marchandises fait intervenir une multitude d\u2019organisations dont l\u2019action est jug\u00e9e significative au regard des formalit\u00e9s [&hellip;]<\/p>\n","protected":false},"author":1,"featured_media":0,"parent":0,"menu_order":0,"comment_status":"closed","ping_status":"closed","template":"","meta":[],"_links":{"self":[{"href":"http:\/\/www.douanes.cm\/douanes-cameroun\/wp-json\/wp\/v2\/pages\/3323"}],"collection":[{"href":"http:\/\/www.douanes.cm\/douanes-cameroun\/wp-json\/wp\/v2\/pages"}],"about":[{"href":"http:\/\/www.douanes.cm\/douanes-cameroun\/wp-json\/wp\/v2\/types\/page"}],"author":[{"embeddable":true,"href":"http:\/\/www.douanes.cm\/douanes-cameroun\/wp-json\/wp\/v2\/users\/1"}],"replies":[{"embeddable":true,"href":"http:\/\/www.douanes.cm\/douanes-cameroun\/wp-json\/wp\/v2\/comments?post=3323"}],"version-history":[{"count":25,"href":"http:\/\/www.douanes.cm\/douanes-cameroun\/wp-json\/wp\/v2\/pages\/3323\/revisions"}],"predecessor-version":[{"id":6557,"href":"http:\/\/www.douanes.cm\/douanes-cameroun\/wp-json\/wp\/v2\/pages\/3323\/revisions\/6557"}],"wp:attachment":[{"href":"http:\/\/www.douanes.cm\/douanes-cameroun\/wp-json\/wp\/v2\/media?parent=3323"}],"curies":[{"name":"wp","href":"https:\/\/api.w.org\/{rel}","templated":true}]}}