{"id":3216,"date":"2022-08-19T15:26:20","date_gmt":"2022-08-19T15:26:20","guid":{"rendered":"http:\/\/192.168.0.104\/douanes-cameroun\/?page_id=3216"},"modified":"2022-10-12T09:06:06","modified_gmt":"2022-10-12T09:06:06","slug":"formalites-prealables","status":"publish","type":"page","link":"http:\/\/www.douanes.cm\/douanes-cameroun\/formalites-prealables\/","title":{"rendered":"Formalit\u00e9s Pr\u00e9alables"},"content":{"rendered":"<h4>A. Formalit\u00e9s communes \u00e0 toutes les marchandises \u00e0 l\u2019importation<\/h4>\n<ol>\n<li>Obtention d\u2019une carte de contribuable aupr\u00e8s des services des Imp\u00f4ts \/ Num\u00e9ro d&#8217;Identification Unique (NIU) ;<\/li>\n<li>Inscription sur le fichier des importateurs, aupr\u00e8s du Minist\u00e8re en charge du commerce ;<\/li>\n<li>Lev\u00e9e de la D\u00e9claration d\u2019Importation (D.I) :<\/li>\n<\/ol>\n<ul>\n<li>Aupr\u00e8s de la Soci\u00e9t\u00e9 G\u00e9n\u00e9rale de Surveillance (requise pour toutes marchandises dont la valeur FOB est sup\u00e9rieure ou \u00e9gale \u00e0 1000 000 FCFA ainsi que pour les v\u00e9hicules neufs) ;<\/li>\n<li>Aupr\u00e8s du Minist\u00e8re en charge du commerce en ce qui concerne les v\u00e9hicules d\u2019occasion.<\/li>\n<\/ul>\n<ol start=\"4\">\n<li>D\u00e9livrance du Rapport sur la Valeur et le classement tarifaire \u00e0 l\u2019Importation (RVC), pour les marchandises d\u2019une valeur FOB sup\u00e9rieure ou \u00e9gale \u00e0 2 000 000 FCFA, par la SGS. D\u00e9livrance et mise en ligne automatique du RVC par la SGS ;<\/li>\n<li>\u00c9tablissement du certificat d\u2019assurance d\u00e9mat\u00e9rialis\u00e9 ;<\/li>\n<li>\u00c9tablissement du certificat de circulation (cas b\u00e9n\u00e9fice \u00e9ventuel d\u2019un tarif pr\u00e9f\u00e9rentiel) ou du certificat d\u2019origine (cas origine non pr\u00e9f\u00e9rentielle).<\/li>\n<\/ol>\n<h4>B. Formalit\u00e9s particuli\u00e8res \u00e0 certaines marchandises<\/h4>\n<ol start=\"3\">\n<li>Obtention d\u2019autorisations et visas techniques d\u00e9mat\u00e9rialis\u00e9s pour certaines marchandises (produits pharmaceutiques, produits dangereux pour l\u2019environnement et la s\u00e9curit\u00e9 publique, pesticides et v\u00e9g\u00e9taux, certificat de fumigation pour les articles de friperie, certificat d\u2019ionisation pour les sels, certificat CITES, etc.) ;<\/li>\n<li>Obtention du certificat de conformit\u00e9 \u00e0 la norme camerounaise (produits dont la norme est rendue d\u2019application obligatoire dans le cadre du PECAE : Programme de v\u00e9rification de la Conformit\u00e9 Avant Embarquement dans le pays d\u2019exportation) ;<\/li>\n<li>Estampillage pr\u00e9alable au pays d\u2019exportation ou de destination pour les produits soumis au r\u00e9gime de la vignette s\u00e9curis\u00e9e (cigarettes, boissons alcooliques).<\/li>\n<\/ol>\n","protected":false},"excerpt":{"rendered":"<p>A. Formalit\u00e9s communes \u00e0 toutes les marchandises \u00e0 l\u2019importation Obtention d\u2019une carte de contribuable aupr\u00e8s des services des Imp\u00f4ts \/ Num\u00e9ro d&#8217;Identification Unique (NIU) ; Inscription sur le fichier des importateurs, aupr\u00e8s du Minist\u00e8re en charge du commerce ; Lev\u00e9e de la D\u00e9claration d\u2019Importation (D.I) : Aupr\u00e8s de la Soci\u00e9t\u00e9 G\u00e9n\u00e9rale de Surveillance (requise pour [&hellip;]<\/p>\n","protected":false},"author":1,"featured_media":0,"parent":0,"menu_order":0,"comment_status":"closed","ping_status":"closed","template":"","meta":[],"_links":{"self":[{"href":"http:\/\/www.douanes.cm\/douanes-cameroun\/wp-json\/wp\/v2\/pages\/3216"}],"collection":[{"href":"http:\/\/www.douanes.cm\/douanes-cameroun\/wp-json\/wp\/v2\/pages"}],"about":[{"href":"http:\/\/www.douanes.cm\/douanes-cameroun\/wp-json\/wp\/v2\/types\/page"}],"author":[{"embeddable":true,"href":"http:\/\/www.douanes.cm\/douanes-cameroun\/wp-json\/wp\/v2\/users\/1"}],"replies":[{"embeddable":true,"href":"http:\/\/www.douanes.cm\/douanes-cameroun\/wp-json\/wp\/v2\/comments?post=3216"}],"version-history":[{"count":3,"href":"http:\/\/www.douanes.cm\/douanes-cameroun\/wp-json\/wp\/v2\/pages\/3216\/revisions"}],"predecessor-version":[{"id":3276,"href":"http:\/\/www.douanes.cm\/douanes-cameroun\/wp-json\/wp\/v2\/pages\/3216\/revisions\/3276"}],"wp:attachment":[{"href":"http:\/\/www.douanes.cm\/douanes-cameroun\/wp-json\/wp\/v2\/media?parent=3216"}],"curies":[{"name":"wp","href":"https:\/\/api.w.org\/{rel}","templated":true}]}}