{"id":2950,"date":"2022-08-19T09:31:44","date_gmt":"2022-08-19T09:31:44","guid":{"rendered":"http:\/\/localhost\/douanes-cameroun\/?page_id=2950"},"modified":"2022-08-30T10:35:24","modified_gmt":"2022-08-30T10:35:24","slug":"typologie","status":"publish","type":"page","link":"http:\/\/www.douanes.cm\/douanes-cameroun\/typologie\/","title":{"rendered":"Cartographie"},"content":{"rendered":"\n<figure class=\"wp-block-table is-style-stripes\"><table><tbody><tr><td><strong>TYPOLOGIE DE PARTENAIRE<\/strong><strong><\/strong><\/td><td><strong>FORMES DU PARTENARIAT<\/strong><strong><\/strong><\/td><td><strong>OBSERVATIONS<\/strong><strong><\/strong><\/td><\/tr><tr><td><strong>Entreprises publiques et priv\u00e9es<\/strong><strong><\/strong><\/td><td>le Forum Douanes-Entreprises &nbsp;(FDE);la Soir\u00e9e des Partenaires (SDP)les Contrats d\u2019Objectifs;les Contrats de Performances&nbsp;;Les Protocoles d\u2019Accord etc\u2026<\/td><td>Accompagnement des entreprises&nbsp;;Facilitation des \u00e9changes&nbsp;;Pr\u00e9visibilit\u00e9 des proc\u00e9dures&nbsp;;Accompagnement des entreprises &nbsp;&nbsp;&nbsp;&nbsp;&nbsp;&nbsp;&nbsp;&nbsp;&nbsp;&nbsp;&nbsp;&nbsp;&nbsp;&nbsp;&nbsp;&nbsp;&nbsp;&nbsp;&nbsp;&nbsp;&nbsp;&nbsp;&nbsp;&nbsp;&nbsp;&nbsp;&nbsp;&nbsp;&nbsp;&nbsp;&nbsp;&nbsp;&nbsp;&nbsp;&nbsp;&nbsp;&nbsp;&nbsp;&nbsp;&nbsp;&nbsp;&nbsp;&nbsp;&nbsp;&nbsp;&nbsp;&nbsp;&nbsp;&nbsp;&nbsp;&nbsp;&nbsp;&nbsp;<\/td><\/tr><tr><td><strong>Partenaires Techniques et Financie<\/strong>rsLe FMI ; La BM ; la FERDI ; la GIZ ; l\u2019UE &nbsp;<\/td><td>Programme Economique et Financier (PEF)&nbsp;;Assistance Techniques (IFN)&nbsp;;PARFIB&nbsp;; PAMFIBFUSION&nbsp;<\/td><td>Optimisation des recettesR\u00e9duction de la d\u00e9pense fiscaleRenforcement des capacit\u00e9sAm\u00e9lioration du transit<\/td><\/tr><tr><td><strong>CHARGEURS (Importateurs, Exportateurs).<\/strong><strong><\/strong><\/td><td>Assistance techniqueRenforcement des capacit\u00e9sR\u00e9duction des co\u00fbts et d\u00e9lais de passages&nbsp;;Maitrise du syst\u00e8me d\u2019information<\/td><td>Le CNCC ;PAD CNCC, PAD, Acconiers&nbsp;<\/td><\/tr><tr><td><strong>Acteurs de la chaine logistique&nbsp;:<\/strong><strong><\/strong>Le Guichet Unique ; la CNCC ; les CDA ; Les Acconiers ; les transporteurs, PAD, PAK, SGS &nbsp;<\/td><td>Protocole d\u2019Accord TechniqueProtocole d\u2019Echange des Donn\u00e9esInterconnexion des SI portuaires et a\u00e9roportuaires<\/td><td>&nbsp;<\/td><\/tr><tr><td><strong>Institutions Internationales<\/strong><strong><\/strong>OMD&nbsp;; OMC<\/td><td>&nbsp;&nbsp;&nbsp;&nbsp;&nbsp;&nbsp;&nbsp;&nbsp;&nbsp;&nbsp;&nbsp;&nbsp;&nbsp;&nbsp;&nbsp;&nbsp;Protocole d\u2019Accord Technique<\/td><td>Renforcement des capacit\u00e9s&nbsp;;Facilitations des \u00e9changes&nbsp;;Expertises.<\/td><\/tr><tr><td><strong>Les Administrations des Douanes de la CEMAC et d\u2019Afrique Centrale<\/strong><strong><\/strong><\/td><td>Assistance Administrative Mutuelle (AAM)&nbsp;;Protocol d\u2019Accord Technique (PAT)&nbsp;;MOU.&nbsp;&nbsp;&nbsp;<\/td><td>&nbsp;RCA-TCHAD-CONGO&nbsp;;Protocole d\u2019\u00e9changes des donn\u00e9es avec les Douanes Tchadienne dans le cadre de l\u2019interconnexion des syst\u00e8mes d\u2019informations&nbsp;;MOU avec les douanes nig\u00e9rianes et congolaises sur la gestion des bureaux juxtapos\u00e9s (MFUM NTAM)<\/td><\/tr><\/tbody><\/table><\/figure>\n","protected":false},"excerpt":{"rendered":"<p>TYPOLOGIE DE PARTENAIRE FORMES DU PARTENARIAT OBSERVATIONS Entreprises publiques et priv\u00e9es le Forum Douanes-Entreprises &nbsp;(FDE);la Soir\u00e9e des Partenaires (SDP)les Contrats d\u2019Objectifs;les Contrats de Performances&nbsp;;Les Protocoles d\u2019Accord etc\u2026 Accompagnement des entreprises&nbsp;;Facilitation des \u00e9changes&nbsp;;Pr\u00e9visibilit\u00e9 des proc\u00e9dures&nbsp;;Accompagnement des entreprises &nbsp;&nbsp;&nbsp;&nbsp;&nbsp;&nbsp;&nbsp;&nbsp;&nbsp;&nbsp;&nbsp;&nbsp;&nbsp;&nbsp;&nbsp;&nbsp;&nbsp;&nbsp;&nbsp;&nbsp;&nbsp;&nbsp;&nbsp;&nbsp;&nbsp;&nbsp;&nbsp;&nbsp;&nbsp;&nbsp;&nbsp;&nbsp;&nbsp;&nbsp;&nbsp;&nbsp;&nbsp;&nbsp;&nbsp;&nbsp;&nbsp;&nbsp;&nbsp;&nbsp;&nbsp;&nbsp;&nbsp;&nbsp;&nbsp;&nbsp;&nbsp;&nbsp;&nbsp; Partenaires Techniques et FinanciersLe FMI ; La BM ; la FERDI ; la GIZ ; l\u2019UE &nbsp; Programme [&hellip;]<\/p>\n","protected":false},"author":1,"featured_media":0,"parent":0,"menu_order":0,"comment_status":"closed","ping_status":"closed","template":"","meta":[],"_links":{"self":[{"href":"http:\/\/www.douanes.cm\/douanes-cameroun\/wp-json\/wp\/v2\/pages\/2950"}],"collection":[{"href":"http:\/\/www.douanes.cm\/douanes-cameroun\/wp-json\/wp\/v2\/pages"}],"about":[{"href":"http:\/\/www.douanes.cm\/douanes-cameroun\/wp-json\/wp\/v2\/types\/page"}],"author":[{"embeddable":true,"href":"http:\/\/www.douanes.cm\/douanes-cameroun\/wp-json\/wp\/v2\/users\/1"}],"replies":[{"embeddable":true,"href":"http:\/\/www.douanes.cm\/douanes-cameroun\/wp-json\/wp\/v2\/comments?post=2950"}],"version-history":[{"count":4,"href":"http:\/\/www.douanes.cm\/douanes-cameroun\/wp-json\/wp\/v2\/pages\/2950\/revisions"}],"predecessor-version":[{"id":4642,"href":"http:\/\/www.douanes.cm\/douanes-cameroun\/wp-json\/wp\/v2\/pages\/2950\/revisions\/4642"}],"wp:attachment":[{"href":"http:\/\/www.douanes.cm\/douanes-cameroun\/wp-json\/wp\/v2\/media?parent=2950"}],"curies":[{"name":"wp","href":"https:\/\/api.w.org\/{rel}","templated":true}]}}