{"id":2900,"date":"2022-08-18T16:13:34","date_gmt":"2022-08-18T16:13:34","guid":{"rendered":"http:\/\/localhost\/douanes-cameroun\/?page_id=2900"},"modified":"2022-10-12T15:25:09","modified_gmt":"2022-10-12T15:25:09","slug":"cas-speciaux","status":"publish","type":"page","link":"http:\/\/www.douanes.cm\/douanes-cameroun\/cas-speciaux\/","title":{"rendered":"Cas sp\u00e9cifiques"},"content":{"rendered":"\t\t<div data-elementor-type=\"wp-page\" data-elementor-id=\"2900\" class=\"elementor elementor-2900\">\n\t\t\t\t\t\t\t\t\t<section class=\"elementor-section elementor-top-section elementor-element elementor-element-7d5c8c6 elementor-section-full_width elementor-section-height-default elementor-section-height-default wpr-particle-no wpr-jarallax-no wpr-parallax-no wpr-sticky-section-no\" data-id=\"7d5c8c6\" data-element_type=\"section\">\n\t\t\t\t\t\t<div class=\"elementor-container elementor-column-gap-default\">\n\t\t\t\t\t<div class=\"elementor-column elementor-col-100 elementor-top-column elementor-element elementor-element-ec86273\" data-id=\"ec86273\" data-element_type=\"column\">\n\t\t\t<div class=\"elementor-widget-wrap elementor-element-populated\">\n\t\t\t\t\t\t\t\t<div class=\"elementor-element elementor-element-5e0b46d elementor-widget elementor-widget-transida_funfacts_and_services\" data-id=\"5e0b46d\" data-element_type=\"widget\" data-widget_type=\"transida_funfacts_and_services.default\">\n\t\t\t\t<div class=\"elementor-widget-container\">\n\t\t\t        \n        <!-- Whychooseus section three -->\n        <section class=\"whychooseus-section-three\">\n            <div class=\"sec-bg-area\">\n                <div class=\"sec-bg\" style=\"background-image: url(http:\/\/www.douanes.cm\/douanes-cameroun\/wp-content\/uploads\/2022\/06\/image-DGD-33.jpg);\"><\/div>\n            <\/div>        \n            <div class=\"auto-container\">\n                <div class=\"row align-items-center\">\n                    <div class=\"col-lg-4\">\n                        <div class=\"wrapper-box\">\n                            <div class=\"row\">\n                                                                <!--Column-->\n                                <div class=\"column counter-column col-lg-12\">\n                                    <div class=\"inner wow fadeInLeft\" data-wow-delay=\"0ms\" data-wow-duration=\"1500ms\">\n                                        <div class=\"content\">\n                                            <div class=\"icon\"><span class=\"flaticon-global\"><\/span><\/div>\n                                            <div>\n                                                <div class=\"count-outer count-box\">\n                                                    <span class=\"count-text\" data-speed=\"3000\" data-stop=\"\"><\/span>\n                                                <\/div>\n                                                <h4>Fiche technique des facilit\u00e9s douani\u00e8res  <\/h4>\n                                            <\/div>                            \n                                        <\/div>\n                                    <\/div>\n                                <\/div>\n                                <!--Column-->\n                                                                <!--Column-->\n                                <div class=\"column counter-column col-lg-12\">\n                                    <div class=\"inner wow fadeInLeft\" data-wow-delay=\"0ms\" data-wow-duration=\"1500ms\">\n                                        <div class=\"content\">\n                                            <div class=\"icon\"><span class=\"flaticon-delivery-man\"><\/span><\/div>\n                                            <div>\n                                                <div class=\"count-outer count-box\">\n                                                    <span class=\"count-text\" data-speed=\"3000\" data-stop=\"\"><\/span>\n                                                <\/div>\n                                                <h4>Fiche technique des facilit\u00e9s douani\u00e8res  <\/h4>\n                                            <\/div>                            \n                                        <\/div>\n                                    <\/div>\n                                <\/div>\n                                <!--Column-->\n                                                            <\/div>\n                        <\/div>\n                    <\/div>\n                    <div class=\"col-lg-8\">\n                        <div class=\"wrapper-box-two\">\n                            <div class=\"row\">\n                                                                <div class=\"col-md-6 whychooseus-block-three\">\n                                    <div class=\"inner-box wow fadeInUp\" data-wow-duration=\"1500ms\">\n                                        <div class=\"icon\"><img src=\"http:\/\/www.douanes.cm\/douanes-cameroun\/wp-content\/uploads\/2020\/10\/icon-16.png\" alt=\"Awesome Image\"><\/div>                                        <h4>Fiche technique des facilites douani\u00e8res accord\u00e9es \u00e0 la diaspora <\/h4>\n                                        <div class=\"text\"><\/div>\n                                        <div class=\"link\"><a href=\"\/douanes-cameroun\/?p=6769\" class=\"readmore-link\"><i class=\"flaticon-up-arrow\"><\/i>Lire plus<\/a><\/div>\n                                    <\/div>\n                                <\/div>\n                                                                <div class=\"col-md-6 whychooseus-block-three\">\n                                    <div class=\"inner-box wow fadeInUp\" data-wow-duration=\"1500ms\">\n                                        <div class=\"icon\"><img src=\"http:\/\/www.douanes.cm\/douanes-cameroun\/wp-content\/uploads\/2020\/10\/icon-16.png\" alt=\"Awesome Image\"><\/div>                                        <h4>Fiche technique des facilites douani\u00e8res accord\u00e9es aux religieux <\/h4>\n                                        <div class=\"text\"><\/div>\n                                        <div class=\"link\"><a href=\"#\" class=\"readmore-link\"><i class=\"flaticon-up-arrow\"><\/i>Lire plus<\/a><\/div>\n                                    <\/div>\n                                <\/div>\n                                                                <div class=\"col-md-6 whychooseus-block-three\">\n                                    <div class=\"inner-box wow fadeInUp\" data-wow-duration=\"1500ms\">\n                                        <div class=\"icon\"><img src=\"http:\/\/www.douanes.cm\/douanes-cameroun\/wp-content\/uploads\/2020\/10\/icon-16.png\" alt=\"Awesome Image\"><\/div>                                        <h4>Fiche technique des facilites douani\u00e8res accord\u00e9es aux missions diplomatiques <\/h4>\n                                        <div class=\"text\"><\/div>\n                                        <div class=\"link\"><a href=\"#\" class=\"readmore-link\"><i class=\"flaticon-up-arrow\"><\/i>Lire Plus<\/a><\/div>\n                                    <\/div>\n                                <\/div>\n                                                                <div class=\"col-md-6 whychooseus-block-three\">\n                                    <div class=\"inner-box wow fadeInUp\" data-wow-duration=\"1500ms\">\n                                        <div class=\"icon\"><img src=\"http:\/\/www.douanes.cm\/douanes-cameroun\/wp-content\/uploads\/2020\/10\/icon-16.png\" alt=\"Awesome Image\"><\/div>                                        <h4>Fiche technique des facilites douani\u00e8res accord\u00e9es aux.... <\/h4>\n                                        <div class=\"text\"><\/div>\n                                        <div class=\"link\"><a href=\"#\" class=\"readmore-link\"><i class=\"flaticon-up-arrow\"><\/i>Lire plus<\/a><\/div>\n                                    <\/div>\n                                <\/div>\n                                                            <\/div>\n                        <\/div>                    \n                    <\/div>\n                <\/div>\n            <\/div>\n        <\/section>\n        \n\t\t\t\t<\/div>\n\t\t\t\t<\/div>\n\t\t\t\t\t<\/div>\n\t\t<\/div>\n\t\t\t\t\t\t\t<\/div>\n\t\t<\/section>\n\t\t\t\t\t\t\t<\/div>\n\t\t","protected":false},"excerpt":{"rendered":"<p>Fiche technique des facilit\u00e9s douani\u00e8res Fiche technique des facilit\u00e9s douani\u00e8res Fiche technique des facilites douani\u00e8res accord\u00e9es \u00e0 la diaspora Lire plus Fiche technique des facilites douani\u00e8res accord\u00e9es aux religieux Lire plus Fiche technique des facilites douani\u00e8res accord\u00e9es aux missions diplomatiques Lire Plus Fiche technique des facilites douani\u00e8res accord\u00e9es aux&#8230;. Lire plus<\/p>\n","protected":false},"author":1,"featured_media":0,"parent":0,"menu_order":0,"comment_status":"closed","ping_status":"closed","template":"","meta":[],"_links":{"self":[{"href":"http:\/\/www.douanes.cm\/douanes-cameroun\/wp-json\/wp\/v2\/pages\/2900"}],"collection":[{"href":"http:\/\/www.douanes.cm\/douanes-cameroun\/wp-json\/wp\/v2\/pages"}],"about":[{"href":"http:\/\/www.douanes.cm\/douanes-cameroun\/wp-json\/wp\/v2\/types\/page"}],"author":[{"embeddable":true,"href":"http:\/\/www.douanes.cm\/douanes-cameroun\/wp-json\/wp\/v2\/users\/1"}],"replies":[{"embeddable":true,"href":"http:\/\/www.douanes.cm\/douanes-cameroun\/wp-json\/wp\/v2\/comments?post=2900"}],"version-history":[{"count":35,"href":"http:\/\/www.douanes.cm\/douanes-cameroun\/wp-json\/wp\/v2\/pages\/2900\/revisions"}],"predecessor-version":[{"id":6773,"href":"http:\/\/www.douanes.cm\/douanes-cameroun\/wp-json\/wp\/v2\/pages\/2900\/revisions\/6773"}],"wp:attachment":[{"href":"http:\/\/www.douanes.cm\/douanes-cameroun\/wp-json\/wp\/v2\/media?parent=2900"}],"curies":[{"name":"wp","href":"https:\/\/api.w.org\/{rel}","templated":true}]}}