{"id":2395,"date":"2022-08-16T09:53:39","date_gmt":"2022-08-16T09:53:39","guid":{"rendered":"http:\/\/localhost\/douanes-cameroun\/?page_id=2395"},"modified":"2022-10-10T16:04:38","modified_gmt":"2022-10-10T16:04:38","slug":"nos-valeurs","status":"publish","type":"page","link":"http:\/\/www.douanes.cm\/douanes-cameroun\/nos-valeurs\/","title":{"rendered":"Nos valeurs"},"content":{"rendered":"\t\t<div data-elementor-type=\"wp-page\" data-elementor-id=\"2395\" class=\"elementor elementor-2395\">\n\t\t\t\t\t\t\t\t\t<section class=\"elementor-section elementor-top-section elementor-element elementor-element-af353f8 elementor-section-boxed elementor-section-height-default elementor-section-height-default wpr-particle-no wpr-jarallax-no wpr-parallax-no wpr-sticky-section-no\" data-id=\"af353f8\" data-element_type=\"section\">\n\t\t\t\t\t\t<div class=\"elementor-container elementor-column-gap-default\">\n\t\t\t\t\t<div class=\"elementor-column elementor-col-100 elementor-top-column elementor-element elementor-element-fb75023\" data-id=\"fb75023\" data-element_type=\"column\">\n\t\t\t<div class=\"elementor-widget-wrap elementor-element-populated\">\n\t\t\t\t\t\t\t\t<div class=\"elementor-element elementor-element-416762f elementor-widget elementor-widget-transida_portfolio_single\" data-id=\"416762f\" data-element_type=\"widget\" data-widget_type=\"transida_portfolio_single.default\">\n\t\t\t\t<div class=\"elementor-widget-container\">\n\t\t\t       \t\n        <!-- Project details -->\n        <section class=\"project-details\">\n            <div class=\"auto-container\">\n                <div class=\"image-block\">\n                    <div class=\"image\"><img src=\"http:\/\/www.douanes.cm\/douanes-cameroun\/wp-content\/uploads\/2022\/08\/Nos_valeur.jpg\" alt=\"Awesome Image\"><\/div>                    <div class=\"project-info\">\n                        <h4>Nos valeurs<\/h4>\n                        <div class=\"text\">Les valeurs reconnues par l\u2019Administration des Douanes du Cameroun, auxquelles adh\u00e8re tout son personnel, sont les suivantes :<\/div>\n                        <div class=\"content\">\n                            <div class=\"row\">\n                                                                <div class=\"column col-sm-6\">\n                                    <h5>-Professionnalisme<br><br>-Efficacit\u00e9<br><br>-Transparence<\/h5>\n                                    <p><\/p>\n                                <\/div>\n                                                            <\/div>\n                        <\/div>\n                    <\/div>\n                <\/div>\n                <div class=\"text-block\">\n                    <h3>Professionnalisme<\/h3>\n                    <div class=\"text\">Les fonctionnaires des Douanes sont disciplin\u00e9s, comp\u00e9tents, cr\u00e9dibles et responsables. Ils agissent et prennent des d\u00e9cisions dans l\u2019int\u00e9r\u00eat de l\u2019Administration et de ses partenaires. L\u2019Administration des Douanes fournit un service professionnel \u00e0 ses partenaires, avec c\u00e9l\u00e9rit\u00e9 et diligence. Pour ce faire, elle met \u00e0 la  disposition de son personnel les connaissances professionnelles adapt\u00e9es, les outils performants et un cadre de travail appropri\u00e9, pouvant lui permettre de satisfaire aux attentes des usagers et de rendre un service de qualit\u00e9 \u00e0 ces derniers.<\/div>\n                <\/div>\n                <div class=\"row\">\n                                        <div class=\"col-md-6\">\n                        <div class=\"image-block-two\">\n                                                        <div class=\"image\">\n                                <img src=\"http:\/\/www.douanes.cm\/douanes-cameroun\/wp-content\/uploads\/2022\/08\/Valors-DGD-1.jpg\" alt=\"Awesome Image\">\n                                <h4>Transparence<\/h4>\n                            <\/div>\n                                                        <div class=\"content\">\n                                <div class=\"text\">Les fonctionnaires des Douanes agissent en tout temps en conformit\u00e9 avec les r\u00e8gles d\u2019\u00e9thique, les lois et r\u00e8glements qui r\u00e9gissent l\u2019exercice des missions de l\u2019Administration des Douanes. La r\u00e9glementation douani\u00e8re est appliqu\u00e9e d\u2019une mani\u00e8re \u00e9quitable et impartiale. Par ailleurs, ladite r\u00e9glementation, ainsi que les d\u00e9cisions et mesures de l\u2019Administration, sont publi\u00e9es et mises \u00e0 la disposition des usagers et du grand public.<\/div>\n                                                            <\/div>                        \n                        <\/div>\n                    <\/div>\n                                        <div class=\"col-md-6\">\n                        <div class=\"image-block-two\">\n                                                        <div class=\"image\">\n                                <img src=\"http:\/\/www.douanes.cm\/douanes-cameroun\/wp-content\/uploads\/2022\/08\/Valors-DGD-2.jpg\" alt=\"Awesome Image\">\n                                <h4>Efficacit\u00e9<\/h4>\n                            <\/div>\n                                                        <div class=\"content\">\n                                <div class=\"text\">L\u2019Administration des Douanes se veut une administration efficace et efficiente. Elle s\u2019efforce \u00e0 atteindre ses objectifs quantitatifs et qualitatifs par une utilisation rationnelle des moyens mis \u00e0 sa disposition. A cet effet, elle utilise des pratiques de gestion moderne et d\u00e9ploie ses moyens sur la base de la gestion des risques. Elle s\u2019emploie constamment \u00e0 am\u00e9liorer son rendement et \u00e0 faire face aux d\u00e9fis pr\u00e9sents et futurs.<\/div>\n                                                            <\/div>                        \n                        <\/div>\n                    <\/div>\n                                    <\/div>\n                \n            <\/div>\n        <\/section>\n                \n\t\t\t\t<\/div>\n\t\t\t\t<\/div>\n\t\t\t\t\t<\/div>\n\t\t<\/div>\n\t\t\t\t\t\t\t<\/div>\n\t\t<\/section>\n\t\t\t\t\t\t\t<\/div>\n\t\t","protected":false},"excerpt":{"rendered":"<p>Nos valeurs Les valeurs reconnues par l\u2019Administration des Douanes du Cameroun, auxquelles adh\u00e8re tout son personnel, sont les suivantes : -Professionnalisme -Efficacit\u00e9 -Transparence Professionnalisme Les fonctionnaires des Douanes sont disciplin\u00e9s, comp\u00e9tents, cr\u00e9dibles et responsables. Ils agissent et prennent des d\u00e9cisions dans l\u2019int\u00e9r\u00eat de l\u2019Administration et de ses partenaires. L\u2019Administration des Douanes fournit un service professionnel [&hellip;]<\/p>\n","protected":false},"author":1,"featured_media":0,"parent":0,"menu_order":0,"comment_status":"closed","ping_status":"closed","template":"","meta":[],"_links":{"self":[{"href":"http:\/\/www.douanes.cm\/douanes-cameroun\/wp-json\/wp\/v2\/pages\/2395"}],"collection":[{"href":"http:\/\/www.douanes.cm\/douanes-cameroun\/wp-json\/wp\/v2\/pages"}],"about":[{"href":"http:\/\/www.douanes.cm\/douanes-cameroun\/wp-json\/wp\/v2\/types\/page"}],"author":[{"embeddable":true,"href":"http:\/\/www.douanes.cm\/douanes-cameroun\/wp-json\/wp\/v2\/users\/1"}],"replies":[{"embeddable":true,"href":"http:\/\/www.douanes.cm\/douanes-cameroun\/wp-json\/wp\/v2\/comments?post=2395"}],"version-history":[{"count":15,"href":"http:\/\/www.douanes.cm\/douanes-cameroun\/wp-json\/wp\/v2\/pages\/2395\/revisions"}],"predecessor-version":[{"id":6666,"href":"http:\/\/www.douanes.cm\/douanes-cameroun\/wp-json\/wp\/v2\/pages\/2395\/revisions\/6666"}],"wp:attachment":[{"href":"http:\/\/www.douanes.cm\/douanes-cameroun\/wp-json\/wp\/v2\/media?parent=2395"}],"curies":[{"name":"wp","href":"https:\/\/api.w.org\/{rel}","templated":true}]}}