{"id":1008,"date":"2022-06-21T13:54:35","date_gmt":"2022-06-21T13:54:35","guid":{"rendered":"http:\/\/localhost\/douanes-cameroun\/?page_id=1008"},"modified":"2022-10-13T13:29:09","modified_gmt":"2022-10-13T13:29:09","slug":"prive","status":"publish","type":"page","link":"http:\/\/www.douanes.cm\/douanes-cameroun\/prive\/","title":{"rendered":"Formes"},"content":{"rendered":"<h4><strong>LE FORUM DOUANES\/ENTREPRISES<\/strong><\/h4>\n<p>Le Forum Douanes\/Entreprises est une id\u00e9e exclusive des Douanes Camerounaises. Instaur\u00e9 le 10 mars 2009 \u00e0 Douala, le Forum Douanes\/Entreprises vise 06 objectifs\u00a0:<\/p>\n<ul>\n<li>La promotion d\u2019un partenariat mutuellement b\u00e9n\u00e9fique entre la Douane et les entreprises cr\u00e9atrices de richesses\u00a0;<\/li>\n<li>La vulgarisation des proc\u00e9dures, des r\u00e8glementations sp\u00e9cifiques, des facilit\u00e9s et des r\u00e9formes douani\u00e8res aupr\u00e8s des entreprises\u00a0;<\/li>\n<li>L\u2019am\u00e9lioration de la mobilisation des recettes douani\u00e8res\u00a0;<\/li>\n<li>La lutte concert\u00e9e contre les mauvaises pratiques, la fraude, la contrebande et les autres formes du commerce in\u00e9quitable\u00a0;<\/li>\n<li>L\u2019accompagnement de la comp\u00e9titivit\u00e9 des entreprises citoyennes\u00a0;<\/li>\n<li>L\u2019acc\u00e9l\u00e9ration des investissements priv\u00e9s et la consolidation de la croissance \u00e9conomique.<\/li>\n<\/ul>\n<h4><\/h4>\n<h4><strong>LA SOIREE DES PARTENAIRES<\/strong><\/h4>\n<p>La Soir\u00e9e des Partenaires est une id\u00e9e originale des Douanes Camerounaises. Organis\u00e9e en fin ou en d\u00e9but d\u2019ann\u00e9e, suivant le contexte, la Soir\u00e9e des Partenaires est un \u00e9v\u00e8nement pendant lequel l\u2019Administration des Douanes d\u00e9cerne des lauriers \u00e0 ses partenaires qui se sont distingu\u00e9s particuli\u00e8rement par leurs performances exceptionnelles au cours de l\u2019ann\u00e9e. C\u2019est aussi le moment de pr\u00e9senter aux partenaires, les actions et les r\u00e9sultats de la Douane Camerounaise au cours de l\u2019ann\u00e9e, ainsi que de d\u00e9finir un cadre de perspectives pour l\u2019ann\u00e9e suivante. La Soir\u00e9e des Partenaires a \u00e9t\u00e9 instaur\u00e9e en 2010.<\/p>\n<h4><strong>LES PROTOCOLES D\u2019ACCORD<\/strong><\/h4>\n<p>En vue de consolider la d\u00e9marche partenariale, ax\u00e9e sur une dynamique gagnant-gagnant, la Direction G\u00e9n\u00e9rale des Douanes signe des protocoles d\u2019accord avec des entreprises et d\u2019autres acteurs des secteurs public et priv\u00e9.<\/p>\n<h4><\/h4>\n<h4><strong>L\u2019ECHANGE DES DONNEES.<\/strong><\/h4>\n<p>La Direction G\u00e9n\u00e9rale des Douanes partage des donn\u00e9es et informations avec d\u2019autres administrations \u00e0 travers son syst\u00e8me d\u2019information CAMCIS. Les plateformes d\u2019\u00e9changes de donn\u00e9es existent avec le GUCE, la SGS, le PAD, le PAK, la DGI, la DGTCFM, etc.<\/p>\n<h4><\/h4>\n<h4><strong>LES CONTRATS DE PERFORMANCE OPERATEURS.<\/strong><\/h4>\n<p>Les contrats de performance sont une id\u00e9e inclusive des Douanes Camerounaises. C\u2019est un accord sp\u00e9cifiant des obligations mutuelles de r\u00e9sultats, visant \u00e0 am\u00e9liorer l\u2019efficacit\u00e9 des douanes et la comp\u00e9titivit\u00e9 des entreprises cr\u00e9atrices de richesses. Les contrats de performances visent aussi \u00e0 r\u00e9duire les co\u00fbts et d\u00e9lais de passage des marchandises. Il est aussi un outil de dialogue favorisant la r\u00e9solution des probl\u00e8mes et cr\u00e9ant les conditions d\u2019une dynamique de progr\u00e8s.<\/p>\n","protected":false},"excerpt":{"rendered":"<p>LE FORUM DOUANES\/ENTREPRISES Le Forum Douanes\/Entreprises est une id\u00e9e exclusive des Douanes Camerounaises. Instaur\u00e9 le 10 mars 2009 \u00e0 Douala, le Forum Douanes\/Entreprises vise 06 objectifs\u00a0: La promotion d\u2019un partenariat mutuellement b\u00e9n\u00e9fique entre la Douane et les entreprises cr\u00e9atrices de richesses\u00a0; La vulgarisation des proc\u00e9dures, des r\u00e8glementations sp\u00e9cifiques, des facilit\u00e9s et des r\u00e9formes douani\u00e8res aupr\u00e8s [&hellip;]<\/p>\n","protected":false},"author":1,"featured_media":0,"parent":0,"menu_order":0,"comment_status":"closed","ping_status":"closed","template":"","meta":[],"_links":{"self":[{"href":"http:\/\/www.douanes.cm\/douanes-cameroun\/wp-json\/wp\/v2\/pages\/1008"}],"collection":[{"href":"http:\/\/www.douanes.cm\/douanes-cameroun\/wp-json\/wp\/v2\/pages"}],"about":[{"href":"http:\/\/www.douanes.cm\/douanes-cameroun\/wp-json\/wp\/v2\/types\/page"}],"author":[{"embeddable":true,"href":"http:\/\/www.douanes.cm\/douanes-cameroun\/wp-json\/wp\/v2\/users\/1"}],"replies":[{"embeddable":true,"href":"http:\/\/www.douanes.cm\/douanes-cameroun\/wp-json\/wp\/v2\/comments?post=1008"}],"version-history":[{"count":9,"href":"http:\/\/www.douanes.cm\/douanes-cameroun\/wp-json\/wp\/v2\/pages\/1008\/revisions"}],"predecessor-version":[{"id":6796,"href":"http:\/\/www.douanes.cm\/douanes-cameroun\/wp-json\/wp\/v2\/pages\/1008\/revisions\/6796"}],"wp:attachment":[{"href":"http:\/\/www.douanes.cm\/douanes-cameroun\/wp-json\/wp\/v2\/media?parent=1008"}],"curies":[{"name":"wp","href":"https:\/\/api.w.org\/{rel}","templated":true}]}}